{"id":489,"date":"2020-11-23T13:21:58","date_gmt":"2020-11-23T12:21:58","guid":{"rendered":"http:\/\/utr-cfdt-lille.fr\/?page_id=489"},"modified":"2025-11-20T18:57:43","modified_gmt":"2025-11-20T17:57:43","slug":"revendicatif","status":"publish","type":"page","link":"https:\/\/utr-cfdt-lille.fr\/index.php\/revendicatif\/","title":{"rendered":"Revendicatif"},"content":{"rendered":"<h2>ACCESSIBILITE<\/h2>\n<p>Deux actions de d\u00e9placement de militants du syndicat des retrait\u00e9s de la CFDT M\u00e9tropole Lilloise afin de mettre en \u00e9vidence les difficult\u00e9s que peuvent rencontrer les personnes \u00e2g\u00e9es ou pas en se d\u00e9pla\u00e7ant \u00e0 pieds en ville.<\/p>\n<p>article \u00e0 retrouver <a href=\"https:\/\/utr-cfdt-lille.fr\/index.php\/2025\/11\/20\/accessibilite-a-lambersart\/\">ici<\/a>.<\/p>\n<h2>points d&rsquo;apport volontaire<img decoding=\"async\" class=\" wp-image-1494 alignright\" src=\"https:\/\/utr-cfdt-lille.fr\/wp-content\/uploads\/2023\/12\/IMG_20231204_132440-224x300.jpg\" alt=\"\" width=\"181\" height=\"242\" srcset=\"https:\/\/utr-cfdt-lille.fr\/wp-content\/uploads\/2023\/12\/IMG_20231204_132440-224x300.jpg 224w, https:\/\/utr-cfdt-lille.fr\/wp-content\/uploads\/2023\/12\/IMG_20231204_132440-766x1024.jpg 766w, https:\/\/utr-cfdt-lille.fr\/wp-content\/uploads\/2023\/12\/IMG_20231204_132440-768x1026.jpg 768w, https:\/\/utr-cfdt-lille.fr\/wp-content\/uploads\/2023\/12\/IMG_20231204_132440-1149x1536.jpg 1149w, https:\/\/utr-cfdt-lille.fr\/wp-content\/uploads\/2023\/12\/IMG_20231204_132440-1532x2048.jpg 1532w, https:\/\/utr-cfdt-lille.fr\/wp-content\/uploads\/2023\/12\/IMG_20231204_132440-1320x1764.jpg 1320w, https:\/\/utr-cfdt-lille.fr\/wp-content\/uploads\/2023\/12\/IMG_20231204_132440-scaled.jpg 1916w\" sizes=\"(max-width: 181px) 100vw, 181px\" \/><\/h2>\n<p>Depuis plusieurs mois, la m\u00e9tropole lilloise voit s\u2019implanter sur son territoire les PAV. Certaines communes ne semblant pas s\u2019\u00eatre inqui\u00e9t\u00e9es des difficult\u00e9s que rencontrent ou vont rencontrer les personnes \u00e2g\u00e9es et\/ou \u00e0 mobilit\u00e9 r\u00e9duite pour y apporter leurs d\u00e9chets, les sections de l\u2019Union Territoriale des Retrait\u00e9s de la M\u00e9tropole Lilloise ont interpel\u00e9 la plupart des maires\u00a0 de leur territoire.<\/p>\n<p>Article complet \u00e0 retrouver <a href=\"https:\/\/utr-cfdt-lille.fr\/index.php\/2023\/12\/08\/points-dapport-volontaire-pav-et-accessibilite\/\">ici<\/a>.<\/p>\n<p>\u00e0 noter que maintenant tous les plastiques se r\u00e9cup\u00e8rent dans la plus grande partie de la MEL. Article Voix Du Nord <a href=\"https:\/\/www.lavoixdunord.fr\/1449133\/article\/2024-04-07\/le-tri-du-plastique-change-dans-la-mel-ce-qu-il-faut-savoir-pour-ne-plus-se\">ici<\/a>.<\/p>\n<h2>immigration<\/h2>\n<ul>\n<li>\n<h5>TRIBUNE DU PACTE DU POUVOIR DE VIVRE SUR L\u2019IMMIGRATION<\/h5>\n<\/li>\n<\/ul>\n<p>article \u00e0 retrouver <a href=\"https:\/\/utr-cfdt-lille.fr\/index.php\/2023\/12\/02\/tribune-du-pacte-du-pouvoir-de-vivre-sur-la-loi-sur-limmigration\/\">ici<\/a>. Depuis la premi\u00e8re \u00e9criture de cet article, qui garde tout son int\u00e9r\u00eat, le d\u00e9bat parlementaire a abouti \u00e0 un texte que la CFDT consid\u00e8re comme inacceptable. Sur la <a href=\"https:\/\/www.cfdt.fr\/portail\/actualites\/loi-immigration-l-analyse-de-la-cfdt-srv2_1317782\">page<\/a> d\u00e9di\u00e9e du site CFDT on trouvera diff\u00e9rents communiqu\u00e9s, tribunes sign\u00e9s ou cosign\u00e9s par la CFDT.<\/p>\n<ul>\n<li>\n<h5>manifestation du 21 janvier 2024<\/h5>\n<\/li>\n<\/ul>\n<p><em><span class=\"x193iq5w xeuugli x13faqbe x1vvkbs x1xmvt09 x1lliihq x1s928wv xhkezso x1gmr53x x1cpjm7i x1fgarty x1943h6x xudqn12 x3x7a5m x6prxxf xvq8zen xo1l8bm xzsf02u\" dir=\"auto\">Le texte adopt\u00e9 par l\u2019Assembl\u00e9e nationale et le S\u00e9nat restera dans l\u2019histoire comme une tache sur notre d\u00e9mocratie. Cette loi n\u2019offre aucune <img decoding=\"async\" class=\" wp-image-1521 alignright\" src=\"https:\/\/utr-cfdt-lille.fr\/wp-content\/uploads\/2024\/01\/affiche-21-janvier-2024-300x300.jpg\" sizes=\"(max-width: 300px) 100vw, 300px\" srcset=\"https:\/\/utr-cfdt-lille.fr\/wp-content\/uploads\/2024\/01\/affiche-21-janvier-2024-300x300.jpg 300w, https:\/\/utr-cfdt-lille.fr\/wp-content\/uploads\/2024\/01\/affiche-21-janvier-2024-1024x1024.jpg 1024w, https:\/\/utr-cfdt-lille.fr\/wp-content\/uploads\/2024\/01\/affiche-21-janvier-2024-150x150.jpg 150w, https:\/\/utr-cfdt-lille.fr\/wp-content\/uploads\/2024\/01\/affiche-21-janvier-2024-768x768.jpg 768w, https:\/\/utr-cfdt-lille.fr\/wp-content\/uploads\/2024\/01\/affiche-21-janvier-2024.jpg 1080w\" alt=\"\" width=\"193\" height=\"193\" \/>perspective positive pour les citoyens et notamment les plus fragiles. Saluant \u00ab\u00a0une victoire id\u00e9ologique\u00a0\u00bb du Rassemblement National.<\/span><\/em><\/p>\n<p>Dans le respect des engagements qu\u2019il a pris au lendemain du second tour de l\u2019\u00e9lection pr\u00e9sidentielle, la CFDT demande au Pr\u00e9sident de la R\u00e9publique de ne pas promulguer cette loi qui fait honte \u00e0 notre pays.<\/p>\n<p><em>La CFDT appelle toutes les forces humanistes et de progr\u00e8s \u00e0 s\u2019opposer \u00e0 la diffusion et \u00e0 la banalisation du projet de l\u2019extr\u00eame droite.<\/em><\/p>\n<p>10h30 Grand Place Lille<\/p>\n<p>&nbsp;<\/p>\n<h2>Manifestation \u00e0 bruxelles le 13 d\u00e9cembre 23<\/h2>\n<p><span class=\"x193iq5w xeuugli x13faqbe x1vvkbs x1xmvt09 x1lliihq x1s928wv xhkezso x1gmr53x x1cpjm7i x1fgarty x1943h6x xudqn12 x3x7a5m x6prxxf xvq8zen xo1l8bm xzsf02u x1yc453h\" dir=\"auto\">&#8230;. pour l&rsquo;\u00e9galit\u00e9 H\/F et le pouvoir d achat\/salaire. 2 bus pr\u00e9reserv\u00e9s ! venez nombreux(ses). Pr\u00e9inscription <a href=\"https:\/\/docs.google.com\/forms\/d\/e\/1FAIpQLSe9N5STXe4CF453H9-HPwO0HmbgOjO3mwB0TVL0ORx5Jkeikg\/viewform\">ici<\/a> avant le 6 d\u00e9cembre.<br \/>\n<\/span><\/p>\n<h2>R\u00e9forme des retraites : La CFDT r\u00e9clame loyaut\u00e9 et transparence<\/h2>\n<p>Selon la presse, l\u2019ex\u00e9cutif aurait d\u00e9cid\u00e9 de ne pas utiliser l\u2019examen du budget de la s\u00e9curit\u00e9 sociale ces prochaines semaines pour r\u00e9former les retraites et d\u2019ouvrir une p\u00e9riode de concertation avec les partenaires sociaux jusqu\u2019\u00e0 la fin de l\u2019ann\u00e9e. La CFDT prend acte d\u2019une inflexion qu\u2019elle r\u00e9clamait. Plus d&rsquo;informations <a href=\"https:\/\/www.cfdt.fr\/portail\/presse\/communiques-de-presse\/reforme-des-retraites-la-cfdt-reclame-loyaute-et-transparence-srv1_1253294\">ici<\/a>.<\/p>\n<h2>Sant\u00e9 en Hauts-de-France, il y a urgence !<\/h2>\n<p>La CFDT s\u2019est engag\u00e9e en signant le S\u00e9gur pour d\u00e9fendre notre syst\u00e8me de sant\u00e9, l\u2019offre de soins et les professionnels. La situation v\u00e9cue cet \u00e9t\u00e9 (fermeture de lits, acc\u00e8s r\u00e9gul\u00e9 aux services d\u2019urgences\u2026) a permis \u00e0 chacun de prendre conscience que les difficult\u00e9s auxquelles doivent faire face les professionnels de la sant\u00e9, du social et du m\u00e9dico-social sont toujours d\u2019actualit\u00e9 et se sont m\u00eame accentu\u00e9es.<\/p>\n<p>Via un \u00ab <a href=\"https:\/\/hdf.cfdt.fr\/portail\/nord\/temps-forts\/communiques-de-presse\/sante-en-hauts-de-france-il-y-a-urgence-srv2_1253063\">LIVRE NOIR DE LA SANT\u00c9 EN Hauts-de-France<\/a> \u00bb, la CFDT donne la parole aux professionnels qui t\u00e9moignent des impacts sur les r\u00e9mun\u00e9rations, les conditions de travail, la formation, la situation sur le d\u00e9partement de l\u2019Oise suite \u00e0 la fermeture d\u2019un service d\u2019urgences et les impacts que tout cela a en finalit\u00e9 sur les usagers.<\/p>\n<h2>Assurer une fin de vie dans le respect et la dignit\u00e9<\/h2>\n<p>Le bureau de la CFDT Retrait\u00e9s rappelle l\u2019affirmation par la CFDT du droit de toute personne \u00e0 mourir dans la dignit\u00e9 et d\u2019\u00eatre acteur de sa fin de vie. \u2026. <a href=\"https:\/\/utr-cfdt-lille.fr\/wp-content\/uploads\/2022\/09\/2022-09-14-Com_13-Assurer-une-fin-de-vie-dans-le-respect-et-la-dignite.pdf\">2022-09-14 Com_13 Assurer une fin de vie dans le respect et la dignit\u00e9<\/a><\/p>\n<h2>loi grand \u00e2ge : rencontre avec les \u00e9lus<\/h2>\n<p>Deux militantes de l&rsquo;Union Territoriale des Retrait\u00e9s M\u00e9tropole Lilloise ont rencontr\u00e9 le <img decoding=\"async\" class=\"wp-image-592 alignright\" src=\"https:\/\/utr-cfdt-lille.fr\/wp-content\/uploads\/2021\/02\/rencontre-HENNO-225x300.jpg\" alt=\"\" width=\"169\" height=\"226\" srcset=\"https:\/\/utr-cfdt-lille.fr\/wp-content\/uploads\/2021\/02\/rencontre-HENNO-225x300.jpg 225w, https:\/\/utr-cfdt-lille.fr\/wp-content\/uploads\/2021\/02\/rencontre-HENNO.jpg 433w\" sizes=\"(max-width: 169px) 100vw, 169px\" \/>jeudi 11 f\u00e9vrier 2021 le s\u00e9nateur Olivier HENNO pour d\u00e9fendre la loi grand \u00e2ge.<\/p>\n<p>Cette rencontre a fait l&rsquo;objet d&rsquo;\u00e9changes constructifs sans apporter toutefois de r\u00e9ponses concr\u00e8tes. Voir le CR <a href=\"https:\/\/utr-cfdt-lille.fr\/wp-content\/uploads\/2021\/03\/20210212-article-sur-la-rencontre-avec-Olivier-Henno-Senateur.doc\">ici<\/a>.<\/p>\n<p>Les d\u00e9l\u00e9gations ont port\u00e9 des revendications qu&rsquo;on peut retrouver <a href=\"https:\/\/utr-cfdt-lille.fr\/wp-content\/uploads\/2021\/05\/20210209-intervention-aupres-des-elus.pdf\">ici<\/a>.<\/p>\n<p>Depuis d&rsquo;autres rencontres ont eu lieu :<\/p>\n<ul>\n<li>en f\u00e9vrier aussi l&rsquo;Union Locale de Retrait\u00e9s de Roubaix avec madame SIX d\u00e9put\u00e9e. Voir le CR <a href=\"https:\/\/utr-cfdt-lille.fr\/wp-content\/uploads\/2021\/03\/rencontre-avec-Mme-Six-fevrier-2021-2.docx\">ici<\/a>.<\/li>\n<li>le 8 mars l&rsquo;Union Locale de Retrait\u00e9s de Tourcoing avec la d\u00e9put\u00e9e Val\u00e9rie PETIT. Voir le CR <a href=\"https:\/\/utr-cfdt-lille.fr\/wp-content\/uploads\/2021\/03\/Rencontre-V.Petit-210308.docx\">ici<\/a>.<\/li>\n<li>le 29 avril l&rsquo;Union Locale de Retrait\u00e9s de Roubaix avec madame OSSON d\u00e9put\u00e9e. Voir le CR <a href=\"https:\/\/utr-cfdt-lille.fr\/wp-content\/uploads\/2021\/05\/20210430-CR-de-la-rencontre-avec-la-deputee-Catherine-OSSON.pdf\">ici<\/a>.<\/li>\n<\/ul>\n<h1>DEVOIR DE VIGILANCE<\/h1>\n<p><img loading=\"lazy\" decoding=\"async\" class=\"size-medium wp-image-586 alignleft\" src=\"https:\/\/utr-cfdt-lille.fr\/wp-content\/uploads\/2021\/01\/16Travailforce-orange-300x300.jpg\" alt=\"\" width=\"300\" height=\"300\" srcset=\"https:\/\/utr-cfdt-lille.fr\/wp-content\/uploads\/2021\/01\/16Travailforce-orange-300x300.jpg 300w, https:\/\/utr-cfdt-lille.fr\/wp-content\/uploads\/2021\/01\/16Travailforce-orange-1024x1024.jpg 1024w, https:\/\/utr-cfdt-lille.fr\/wp-content\/uploads\/2021\/01\/16Travailforce-orange-150x150.jpg 150w, https:\/\/utr-cfdt-lille.fr\/wp-content\/uploads\/2021\/01\/16Travailforce-orange-768x768.jpg 768w, https:\/\/utr-cfdt-lille.fr\/wp-content\/uploads\/2021\/01\/16Travailforce-orange.jpg 1080w\" sizes=\"(max-width: 300px) 100vw, 300px\" \/>Malgr\u00e9 la crise sanitaire, en France comme en Europe les discussions et\u00a0 les n\u00e9gociations se poursuivent .<\/p>\n<p>Depuis quelques mois, des discussions se sont ouvertes en Europe au sujet d\u2019une nouvelle l\u00e9gislation europ\u00e9enne sur le devoir de vigilance en mati\u00e8re de droits humains et de conduite responsable des entreprises.<\/p>\n<p>Comme vous le lirez dans le document ci-dessous , la Commission europ\u00e9enne a r\u00e9cemment lanc\u00e9 une consultation publique sur ce sujet.<\/p>\n<p><a href=\"https:\/\/utr-cfdt-lille.fr\/wp-content\/uploads\/2021\/01\/20210126_SG_Inforap08_Soutien_-campagne_-CES_-pour_-un_-devoir_-de_-vigilance.pdf\">20210126_SG_Inforap08_Soutien_ campagne_ CES_ pour_ un_ devoir_ de_ vigilance<\/a><\/p>\n<p>La CFDT compte parmi les organisations syndicales supportrices de cette initiative. Aussi, nous vous invitons \u00e0 <a href=\"https:\/\/www.enforcinghumanrights-duediligence.eu\/fr\">soutenir cette campagne en y apportant votre signature<\/a> et \u00e0 la diffuser autour de vous\u00a0 afin de recueillir le plus large nombre de soutien en faveur d\u2019une l\u00e9gislation europ\u00e9enne forte sur le devoir de vigilance. Voir aussi cette <a href=\"https:\/\/youtu.be\/2gdI1xe1lrk\">vid\u00e9o<\/a>.<\/p>\n<p>Attention la consultation se termine le 8 f\u00e9vrier 2021, merci \u00e0 vous de participer au soutien de cette initiative.<\/p>\n<h2><strong>Loi Grand \u00e2ge : de rapports en reports, passons aux actes !<br \/>\n<\/strong><\/h2>\n<p>Constatant les reports incessants d\u2019un projet de texte pour une loi Grand \u00e2ge, pourtant annonc\u00e9e depuis 2018, le bureau de l\u2019UCR appelle les UTR et URR \u00e0 solliciter des audiences aupr\u00e8s des parlementaires, des conseils d\u00e9partementaux, des conseils r\u00e9gionaux.<br \/>\nDans le contexte sanitaire actuel, les distributions de tracts et autres formes d\u2019actions ne sont pas de mise.<br \/>\nComme annonc\u00e9 dans la d\u00e9claration du bureau de d\u00e9cembre 2020, nous vous invitons \u00e0 adresser un courrier \u00e0 vos \u00e9lus.es dans la semaine du 25 au 30 janvier.<\/p>\n<p>Suite \u00e0 lire ici : <a href=\"https:\/\/utr-cfdt-lille.fr\/wp-content\/uploads\/2021\/01\/2021-01-20-Irex-n\u00b039-Loi-Grand-Age_de-rapports-en-reports-passons-aux-actes.pdf\">2021-01-20 Irex n\u00b039 Loi Grand Age_de rapports en reports passons aux actes<\/a><\/p>\n<p>Quelques \u00e9l\u00e9ments d&rsquo;informations :<\/p>\n<ul>\n<li><a href=\"https:\/\/utr-cfdt-lille.fr\/wp-content\/uploads\/2021\/01\/2021-01-Retraite-Militant-declaration-BN-UCR-et-La-nouvelle-branche-Autonomie-dans-loi-financement.pdf\">2021-01 Retrait\u00e9 Militant d\u00e9claration BN UCR et La nouvelle branche Autonomie dans loi financement<\/a><\/li>\n<li><a href=\"https:\/\/utr-cfdt-lille.fr\/wp-content\/uploads\/2021\/01\/2020-08_09-Retraite-Militant-Extrait-dossier-protection-sociale-p16-a-22.pdf\">2020-08_09 Retrait\u00e9 Militant Extrait dossier protection sociale p16 \u00e0\u00a022<\/a><\/li>\n<li><a href=\"https:\/\/utr-cfdt-lille.fr\/wp-content\/uploads\/2021\/01\/2020-08_09-Retraite-Militant-Historique-prise-en-compte-grand-age-p26-a-29.pdf\">2020-08_09 Retrait\u00e9 Militant Historique prise en compte grand-\u00e2ge p26 \u00e0\u00a029<\/a><\/li>\n<\/ul>\n<h2><strong>La CFDT Retrait\u00e9s appelle \u00e0 soutenir l&rsquo;action des Sant\u00e9-Sociaux \u00e0 Paris le 12 janvier 2021<\/strong><\/h2>\n<p>La f\u00e9d\u00e9ration CFDT des Sant\u00e9-Sociaux appelle \u00e0 l&rsquo;action le 12 janvier.<\/p>\n<p>La CFDT Retrait\u00e9s soutient cette action pour que :<br \/>\n&#8211; <img loading=\"lazy\" decoding=\"async\" class=\"size-medium wp-image-533 alignleft\" src=\"https:\/\/utr-cfdt-lille.fr\/wp-content\/uploads\/2021\/01\/image-action-12-janvier-300x157.png\" alt=\"\" width=\"300\" height=\"157\" srcset=\"https:\/\/utr-cfdt-lille.fr\/wp-content\/uploads\/2021\/01\/image-action-12-janvier-300x157.png 300w, https:\/\/utr-cfdt-lille.fr\/wp-content\/uploads\/2021\/01\/image-action-12-janvier.png 653w\" sizes=\"(max-width: 300px) 100vw, 300px\" \/>les salari\u00e9.es du social et du m\u00e9dicosocial ne subissent pas les arbitrages budg\u00e9taires entre les d\u00e9partements et les minist\u00e8res ;<br \/>\n&#8211; les salari\u00e9.es du secteur de l\u2019aide \u00e0 domicile ne subissent pas, eux aussi, les arbitrages entre les d\u00e9partements et les minist\u00e8res ;<br \/>\n&#8211; les usagers ne subissent pas les in\u00e9galit\u00e9s territoriales qui en d\u00e9coulent.<\/p>\n<p>Plus d&rsquo;informations ici : <a href=\"https:\/\/utr-cfdt-lille.fr\/wp-content\/uploads\/2021\/01\/20210107-tract-manif-du-12-janvier-21.pdf\">20210107 tract manif du 12 janvier 21<\/a><\/p>\n<p>Un rassemblement national est pr\u00e9vu le 12 janvier \u00e0 partir de 12 h 30 devant le minist\u00e8re des Solidarit\u00e9s et de Sant\u00e9, avenue Duquesne \u00e0 Paris.<\/p>\n","protected":false},"excerpt":{"rendered":"<p>ACCESSIBILITE Deux actions de d\u00e9placement de militants du syndicat des retrait\u00e9s de la CFDT M\u00e9tropole Lilloise afin de mettre en \u00e9vidence les difficult\u00e9s que peuvent rencontrer les personnes \u00e2g\u00e9es ou [&hellip;]<\/p>\n","protected":false},"author":15,"featured_media":0,"parent":0,"menu_order":0,"comment_status":"closed","ping_status":"closed","template":"","meta":{"footnotes":"","_links_to":"","_links_to_target":""},"class_list":["post-489","page","type-page","status-publish","hentry"],"_links":{"self":[{"href":"https:\/\/utr-cfdt-lille.fr\/index.php\/wp-json\/wp\/v2\/pages\/489","targetHints":{"allow":["GET"]}}],"collection":[{"href":"https:\/\/utr-cfdt-lille.fr\/index.php\/wp-json\/wp\/v2\/pages"}],"about":[{"href":"https:\/\/utr-cfdt-lille.fr\/index.php\/wp-json\/wp\/v2\/types\/page"}],"author":[{"embeddable":true,"href":"https:\/\/utr-cfdt-lille.fr\/index.php\/wp-json\/wp\/v2\/users\/15"}],"replies":[{"embeddable":true,"href":"https:\/\/utr-cfdt-lille.fr\/index.php\/wp-json\/wp\/v2\/comments?post=489"}],"version-history":[{"count":21,"href":"https:\/\/utr-cfdt-lille.fr\/index.php\/wp-json\/wp\/v2\/pages\/489\/revisions"}],"predecessor-version":[{"id":2709,"href":"https:\/\/utr-cfdt-lille.fr\/index.php\/wp-json\/wp\/v2\/pages\/489\/revisions\/2709"}],"wp:attachment":[{"href":"https:\/\/utr-cfdt-lille.fr\/index.php\/wp-json\/wp\/v2\/media?parent=489"}],"curies":[{"name":"wp","href":"https:\/\/api.w.org\/{rel}","templated":true}]}}