{"id":485,"date":"2020-11-23T13:21:18","date_gmt":"2020-11-23T12:21:18","guid":{"rendered":"http:\/\/utr-cfdt-lille.fr\/?page_id=485"},"modified":"2023-11-16T15:56:34","modified_gmt":"2023-11-16T14:56:34","slug":"complementaire-sante","status":"publish","type":"page","link":"https:\/\/utr-cfdt-lille.fr\/index.php\/complementaire-sante\/","title":{"rendered":"Compl\u00e9mentaire sant\u00e9"},"content":{"rendered":"<p>Adh\u00e9rer \u00e0 la CFDT Retrait\u00e9s pr\u00e9sente de nombreux int\u00e9r\u00eats, parmi c<img fetchpriority=\"high\" decoding=\"async\" class=\"wp-image-1479 alignright\" src=\"https:\/\/utr-cfdt-lille.fr\/wp-content\/uploads\/2023\/11\/logos-300x65.png\" alt=\"\" width=\"512\" height=\"111\" srcset=\"https:\/\/utr-cfdt-lille.fr\/wp-content\/uploads\/2023\/11\/logos-300x65.png 300w, https:\/\/utr-cfdt-lille.fr\/wp-content\/uploads\/2023\/11\/logos-768x167.png 768w, https:\/\/utr-cfdt-lille.fr\/wp-content\/uploads\/2023\/11\/logos.png 952w\" sizes=\"(max-width: 512px) 100vw, 512px\" \/>eux-ci la possibilit\u00e9 d&rsquo;adh\u00e9rer une compl\u00e9mentaire sant\u00e9, via un contrat de groupe n\u00e9goci\u00e9 par la CFDT Retrait\u00e9s.<\/p>\n<p>On peut retrouver via ce <a href=\"https:\/\/utr-cfdt-lille.fr\/wp-content\/uploads\/2023\/11\/2023-11-15-Circulaire-UCR-n\u00b014-Annexe-Plaquette-offre-AZUR-UCR-2024.pdf\">lien<\/a> toutes les informations sur cette compl\u00e9mentaire sant\u00e9.<\/p>\n","protected":false},"excerpt":{"rendered":"<p>Adh\u00e9rer \u00e0 la CFDT Retrait\u00e9s pr\u00e9sente de nombreux int\u00e9r\u00eats, parmi ceux-ci la possibilit\u00e9 d&rsquo;adh\u00e9rer une compl\u00e9mentaire sant\u00e9, via un contrat de groupe n\u00e9goci\u00e9 par la CFDT Retrait\u00e9s. On peut retrouver [&hellip;]<\/p>\n","protected":false},"author":15,"featured_media":0,"parent":0,"menu_order":0,"comment_status":"closed","ping_status":"closed","template":"","meta":{"footnotes":"","_links_to":"","_links_to_target":""},"class_list":["post-485","page","type-page","status-publish","hentry"],"_links":{"self":[{"href":"https:\/\/utr-cfdt-lille.fr\/index.php\/wp-json\/wp\/v2\/pages\/485","targetHints":{"allow":["GET"]}}],"collection":[{"href":"https:\/\/utr-cfdt-lille.fr\/index.php\/wp-json\/wp\/v2\/pages"}],"about":[{"href":"https:\/\/utr-cfdt-lille.fr\/index.php\/wp-json\/wp\/v2\/types\/page"}],"author":[{"embeddable":true,"href":"https:\/\/utr-cfdt-lille.fr\/index.php\/wp-json\/wp\/v2\/users\/15"}],"replies":[{"embeddable":true,"href":"https:\/\/utr-cfdt-lille.fr\/index.php\/wp-json\/wp\/v2\/comments?post=485"}],"version-history":[{"count":4,"href":"https:\/\/utr-cfdt-lille.fr\/index.php\/wp-json\/wp\/v2\/pages\/485\/revisions"}],"predecessor-version":[{"id":1480,"href":"https:\/\/utr-cfdt-lille.fr\/index.php\/wp-json\/wp\/v2\/pages\/485\/revisions\/1480"}],"wp:attachment":[{"href":"https:\/\/utr-cfdt-lille.fr\/index.php\/wp-json\/wp\/v2\/media?parent=485"}],"curies":[{"name":"wp","href":"https:\/\/api.w.org\/{rel}","templated":true}]}}