{"id":483,"date":"2020-11-23T13:20:58","date_gmt":"2020-11-23T12:20:58","guid":{"rendered":"http:\/\/utr-cfdt-lille.fr\/?page_id=483"},"modified":"2024-02-06T11:06:53","modified_gmt":"2024-02-06T10:06:53","slug":"cezam","status":"publish","type":"page","link":"https:\/\/utr-cfdt-lille.fr\/index.php\/cezam\/","title":{"rendered":"CEZAM"},"content":{"rendered":"<p><img decoding=\"async\" class=\"alignnone size-medium wp-image-1589\" src=\"https:\/\/utr-cfdt-lille.fr\/wp-content\/uploads\/2024\/02\/carte-Cezam.jpg\" alt=\"\" width=\"210\" height=\"122\" \/><\/p>\n<p><strong>Carte CEZAM 2024<\/strong>, dans la continuit\u00e9<\/p>\n<p>Cette carte CEZAM permet d\u2019obtenir des r\u00e9ductions toute l\u2019ann\u00e9e chez les partenaires du groupe CEZAM (mus\u00e9es, salles de cin\u00e9ma, parcs d\u2019attraction, etc\u2026) Plus de 140\u00a0000 offres pour vos loisirs et vacances. Des points billetterie sont pr\u00e9sents sur toute la France. La carte CEZAM est annuelle.<\/p>\n<p><strong>Si vous souhaitez l\u2019acqu\u00e9rir ou la renouveler pour 2024<\/strong>, ne contactez pas directement CEZAM Hauts de France, mais retournez le bon de commande joint au bulletin directement \u00e0\u00a0: Pierre BEGHIN, 102 rue de Boulogne 59150 WATTRELOS, ou par internet \u00e0 l\u2019adresse de l\u2019UTR M\u00e9tropole Lilloise\u00a0:<\/p>\n<p><a href=\"mailto:metropolelilloise@retraites.cfdt.fr\">metropolelilloise@retraites.cfdt.fr<\/a><\/p>\n<p>Les cartes 2024 devraient \u00eatre disponibles d\u00e9but janvier.<\/p>\n<p>Pour l\u2019UTR ML, comme les ann\u00e9es pr\u00e9c\u00e9dentes, la carte est offerte aux adh\u00e9rents qui en font la demande.<\/p>\n<p>Une participation de 2.50 \u20ac est demand\u00e9e pour les conjoints et assimil\u00e9s. Voir bulletin d\u2019adh\u00e9sion joint \u00e0 ce journal.<\/p>\n","protected":false},"excerpt":{"rendered":"<p>Carte CEZAM 2024, dans la continuit\u00e9 Cette carte CEZAM permet d\u2019obtenir des r\u00e9ductions toute l\u2019ann\u00e9e chez les partenaires du groupe CEZAM (mus\u00e9es, salles de cin\u00e9ma, parcs d\u2019attraction, etc\u2026) Plus de [&hellip;]<\/p>\n","protected":false},"author":15,"featured_media":0,"parent":0,"menu_order":0,"comment_status":"closed","ping_status":"closed","template":"","meta":{"footnotes":"","_links_to":"","_links_to_target":""},"class_list":["post-483","page","type-page","status-publish","hentry"],"_links":{"self":[{"href":"https:\/\/utr-cfdt-lille.fr\/index.php\/wp-json\/wp\/v2\/pages\/483","targetHints":{"allow":["GET"]}}],"collection":[{"href":"https:\/\/utr-cfdt-lille.fr\/index.php\/wp-json\/wp\/v2\/pages"}],"about":[{"href":"https:\/\/utr-cfdt-lille.fr\/index.php\/wp-json\/wp\/v2\/types\/page"}],"author":[{"embeddable":true,"href":"https:\/\/utr-cfdt-lille.fr\/index.php\/wp-json\/wp\/v2\/users\/15"}],"replies":[{"embeddable":true,"href":"https:\/\/utr-cfdt-lille.fr\/index.php\/wp-json\/wp\/v2\/comments?post=483"}],"version-history":[{"count":5,"href":"https:\/\/utr-cfdt-lille.fr\/index.php\/wp-json\/wp\/v2\/pages\/483\/revisions"}],"predecessor-version":[{"id":1591,"href":"https:\/\/utr-cfdt-lille.fr\/index.php\/wp-json\/wp\/v2\/pages\/483\/revisions\/1591"}],"wp:attachment":[{"href":"https:\/\/utr-cfdt-lille.fr\/index.php\/wp-json\/wp\/v2\/media?parent=483"}],"curies":[{"name":"wp","href":"https:\/\/api.w.org\/{rel}","templated":true}]}}