{"id":475,"date":"2020-11-23T13:18:59","date_gmt":"2020-11-23T12:18:59","guid":{"rendered":"http:\/\/utr-cfdt-lille.fr\/?page_id=475"},"modified":"2026-03-03T18:28:09","modified_gmt":"2026-03-03T17:28:09","slug":"lettres-electroniques","status":"publish","type":"page","link":"https:\/\/utr-cfdt-lille.fr\/index.php\/lettres-electroniques\/","title":{"rendered":"Lettres \u00e9lectroniques"},"content":{"rendered":"<p><strong>Dans cette rubrique de notre site les lettres \u00e9lectroniques de certaines de nos sections<\/strong> :<\/p>\n<p>La lettre \u00e9lectronique des adh\u00e9rents de Lille et environs (ULR de Lille) :\u00a0 <a href=\"https:\/\/utr-cfdt-lille.fr\/wp-content\/uploads\/2026\/03\/ULR-Infolettre-4-Lille.pdf\">ULR Infolettre 4 Lille<\/a><\/p>\n<p>ROUBAIX f\u00e9vrier mars 2026 : <a href=\"https:\/\/utr-cfdt-lille.fr\/wp-content\/uploads\/2026\/02\/Lettre-info-recto-CFDT-Octobre-Nov.-2025-VC5.pdf\">Lettre info recto CFDT Octobre-Nov.-2025-VC5<\/a> \u00a0\u00a0<a href=\"https:\/\/utr-cfdt-lille.fr\/wp-content\/uploads\/2026\/02\/lettre-info-verso-ULR-Roubaix-Fevrier-Mars-2026.pdf\">lettre info verso ULR Roubaix F\u00e9vrier-Mars-2026<\/a><\/p>\n<p>ROUBAIX d\u00e9cembre25-Janvier26 : <a href=\"https:\/\/utr-cfdt-lille.fr\/wp-content\/uploads\/2025\/12\/Lettre-info-recto-CFDT-Rbx-Trcg-Dec-Janvier-2025-26.pdf\">Lettre info recto CFDT Rbx-Trcg D\u00e9c-Janvier 2025-26<\/a> \u00a0<a href=\"https:\/\/utr-cfdt-lille.fr\/wp-content\/uploads\/2025\/12\/lettre-info-verso-CFDT-Rbx-Trcg-Dec-Janvier-2025-26.pdf\">lettre info verso CFDT Rbx-Trcg D\u00e9c-Janvier 2025-26<\/a><\/p>\n<p>La lettre \u00e9lectronique des adh\u00e9rents de Lille et environs (ULR de Lille) : <a href=\"https:\/\/utr-cfdt-lille.fr\/wp-content\/uploads\/2025\/12\/ULR-Infolettre-3.pdf\">ULR Infolettre 3<\/a><\/p>\n<p>ROUBAIX octobre-novembre : <a href=\"https:\/\/utr-cfdt-lille.fr\/wp-content\/uploads\/2025\/10\/Lettre-info-recto-CFDT-Octobre-Nov.-2025-VC5.pdf\">Lettre info recto CFDT Octobre-Nov.-2025-VC5<\/a> <a href=\"https:\/\/utr-cfdt-lille.fr\/wp-content\/uploads\/2025\/10\/lettre-info-verso-CFDT-Octobre-Nov.-2025-VC5.pdf\">lettre info verso CFDT Octobre-Nov.-2025-VC5<\/a><\/p>\n<p>ROUBAIX juin-juillet : <a href=\"https:\/\/utr-cfdt-lille.fr\/wp-content\/uploads\/2025\/07\/Lettre-info-CFDT-Juin-Juillet-Aouti-2025.pdf\">Lettre info &#8211; CFDT Juin-Juillet-Ao\u00fbti-2025<\/a><\/p>\n<p>La lettre \u00e9lectronique des retrait\u00e9s Transport et Environnement :\u00a0<a href=\"https:\/\/utr-cfdt-lille.fr\/wp-content\/uploads\/2025\/07\/LTER-N\u00b0123-.pdf\">LTER N\u00b0123<\/a><\/p>\n<p>La lettre \u00e9lectronique des adh\u00e9rents de Lille et environs (ULR de Lille) : <a href=\"https:\/\/utr-cfdt-lille.fr\/wp-content\/uploads\/2025\/07\/ULRInfolettre2.1.pdf\">ULRInfolettre2.1<\/a><\/p>\n<p>La lettre \u00e9lectronique des adh\u00e9rents de Lille et environs (ULR de Lille) : <a href=\"https:\/\/utr-cfdt-lille.fr\/wp-content\/uploads\/2025\/05\/ULRInfolettre1_23052025-1.pdf\">ULRInfolettre1_23052025-1<\/a><\/p>\n<p>ROUBAIX Avril-Mai : <a href=\"https:\/\/utr-cfdt-lille.fr\/wp-content\/uploads\/2025\/07\/Lettre-info-recto-CFDT-Aril-Mai-2025-Ok-.pdf\">Lettre info recto CFDT Aril -Mai-2025-Ok-<\/a>\u00a0 <a href=\"https:\/\/utr-cfdt-lille.fr\/wp-content\/uploads\/2025\/07\/lettre-info-verso-CFDT-Avril-Mai-2025-OK-.pdf\">lettre info verso CFDT Avril-Mai-2025-OK-<\/a><\/p>\n<p>La lettre \u00e9lectronique des retrait\u00e9s Transport et Environnement : <a href=\"https:\/\/utr-cfdt-lille.fr\/wp-content\/uploads\/2025\/04\/LTER-N\u00b0122-Avril-2025.pdf\">LTER N\u00b0122 Avril 2025<\/a> ;\u00a0 <a href=\"https:\/\/utr-cfdt-lille.fr\/wp-content\/uploads\/2025\/01\/LTER-N\u00b0121-Decembre-2024.pdf\">LTER N\u00b0121 D\u00e9cembre 2024<\/a><\/p>\n<p>ROUBAIX fev-mars : <a href=\"https:\/\/utr-cfdt-lille.fr\/wp-content\/uploads\/2025\/07\/Lettre-info-recto-CFDT-Fevrier-Mars-2025-3-.pdf\">Lettre info recto CFDT F\u00e9vrier-Mars-2025 &#8211; 3<\/a> <a href=\"https:\/\/utr-cfdt-lille.fr\/wp-content\/uploads\/2025\/07\/lettre-info-verso-CFDT-Fevrier-Mars-2025-3-.pdf\">lettre info verso CFDT F\u00e9vrier-Mars -2025 -3<\/a><\/p>\n<p>ROUBAIX dec-jan : <a href=\"https:\/\/utr-cfdt-lille.fr\/wp-content\/uploads\/2025\/01\/Lettre-info-recto-CFDT-dec-jan-2024-2025-3.pdf\">Lettre info recto CFDT dec-jan 2024-2025-3<\/a> , <a href=\"https:\/\/utr-cfdt-lille.fr\/wp-content\/uploads\/2025\/01\/lettre-info-verso-CFDT-dec-janvier-24-2-25-3.pdf\">lettre info verso CFDT dec &#8211; janvier 24-2 -25-3<\/a><\/p>\n<p>ROUBAIX octobre-nov : <a href=\"https:\/\/utr-cfdt-lille.fr\/wp-content\/uploads\/2024\/11\/lettre-info-CFDT-retraites-recto-Octo-Nov-2024.pdf\">lettre info CFDT retrait\u00e9s recto-Octo-Nov 2024<\/a>\u00a0 <a href=\"https:\/\/utr-cfdt-lille.fr\/wp-content\/uploads\/2024\/11\/Lettre-info-CFDT-retraitee-verso-Octo-Novi-2024.pdf\">Lettre info CFDT retrait\u00e9e verso Octo-Novi 2024<\/a><\/p>\n<p>ROUBAIX septembre : <a href=\"https:\/\/utr-cfdt-lille.fr\/wp-content\/uploads\/2024\/11\/Lettre-info-CFDT-retraites-Septembre-2024-new.pdf\">Lettre info CFDT retrait\u00e9s Septembre 2024 new<\/a><\/p>\n<p>ROUBAIX juin-juillet-aout : <a href=\"https:\/\/utr-cfdt-lille.fr\/wp-content\/uploads\/2024\/11\/Lettre-Info-Juin-Juillet-Aout-2024.pdf\">Lettre Info Juin ,Juillet ,Aout 2024<\/a><\/p>\n<p>ROUBAIX avril-mai : <a href=\"https:\/\/utr-cfdt-lille.fr\/wp-content\/uploads\/2024\/11\/lettre-info-CFDT-retraites-verso-Avril-Mai-2024-DV-1.pdf\">lettre info CFDT retrait\u00e9s verso-Avril-Mai 2024-DV (1)<\/a> <a href=\"https:\/\/utr-cfdt-lille.fr\/wp-content\/uploads\/2024\/11\/lettre-info-CFDT-retraites-recto-Avril-Mai-2024.pdf\">lettre info CFDT retrait\u00e9s recto Avril-Mai 2024<\/a><\/p>\n<p>La lettre \u00e9lectronique des retrait\u00e9s Transport et Environnement : <a href=\"https:\/\/utr-cfdt-lille.fr\/wp-content\/uploads\/2024\/03\/LTER-N119-Mars-2024.pdf\">LTER N119 Mars 2024<\/a><\/p>\n<p>La lettre \u00e9lectronique de d\u00e9c et juillet 2023 des adh\u00e9rents des ULR de Roubaix et Tourcoing<\/p>\n<p>&#8211; <a href=\"https:\/\/utr-cfdt-lille.fr\/wp-content\/uploads\/2023\/12\/lettre-info-CFDT-retraites-recto-Dec.-corrige-07-12-23-01.jpg\">recto<\/a> et <a href=\"https:\/\/utr-cfdt-lille.fr\/wp-content\/uploads\/2023\/12\/lettre-info-CFDT-retraites-verso-Dec.-2023-01.jpg\">verso<\/a><\/p>\n<p>La lettre \u00e9lectronique de juillet 2023 de l&rsquo;ULR de Roubaix : <a href=\"https:\/\/utr-cfdt-lille.fr\/wp-content\/uploads\/2023\/07\/lettre-info-ULR-Roubaix-recto-Juill-Aout-2023-DV-03-07-23-01.jpg\">recto<\/a> et <a href=\"https:\/\/utr-cfdt-lille.fr\/wp-content\/uploads\/2023\/07\/lettre-info-ULR-Roubaix-verso-Juill-aout-2023-Dv-03-07-23-01.jpg\">verso<\/a><\/p>\n<p><a href=\"https:\/\/utr-cfdt-lille.fr\/wp-content\/uploads\/2023\/06\/Lettre-mai-juin-2023-LILLE.pdf\">Lettre mai-juin 2023 &#8211; LILLE<\/a><\/p>\n<p>La Lettre \u00c9lectronique de mars\/avril 2023 de l&rsquo;ULR de ROUBAIX :<a href=\"https:\/\/utr-cfdt-lille.fr\/wp-content\/uploads\/2023\/03\/Lettre-information-ULR-Roubaix-mars-avril-23.pdf\">Lettre information ULR Roubaix mars avril 23<\/a><\/p>\n<p>une lettre \u00e9lectronique non issue de notre UTR mais int\u00e9ressante pour ses infos pratiques, celle de l&rsquo;UTR Pas de Calais : <a href=\"https:\/\/utr-cfdt-lille.fr\/wp-content\/uploads\/2023\/01\/Un-plus-dinfo-01-23-UTR62.pdf\">Un plus d&rsquo;info &#8211; 01-23 UTR62<\/a><\/p>\n<p><a href=\"https:\/\/utr-cfdt-lille.fr\/wp-content\/uploads\/2023\/01\/LETTRE-ROUBAIX-NOV-DEC-22.pdf\">LETTRE ROUBAIX NOV DEC 22<\/a><\/p>\n<p><a href=\"https:\/\/utr-cfdt-lille.fr\/wp-content\/uploads\/2022\/12\/Lettre-information-ULR-LILLE-novembre-2022.pdf\">Lettre information ULR LILLE novembre 2022<\/a><\/p>\n<p><a href=\"https:\/\/utr-cfdt-lille.fr\/wp-content\/uploads\/2022\/12\/LTER-Decembre-2022.pdf\">lettre retrait\u00e9s Transport Equipement Decembre 2022<\/a><\/p>\n<p><a href=\"https:\/\/utr-cfdt-lille.fr\/wp-content\/uploads\/2022\/09\/lettre-ULR-Tourcoing-sept-22-n\u00b01.pdf\">lettre ULR Tourcoing sept 22 n\u00b01<\/a><\/p>\n<p><a href=\"https:\/\/utr-cfdt-lille.fr\/wp-content\/uploads\/2022\/06\/LETTRE-Roubaix-JUIN-2022.pdf\">LETTRE Roubaix JUIN 2022<\/a><\/p>\n<p><a href=\"https:\/\/utr-cfdt-lille.fr\/wp-content\/uploads\/2022\/04\/Lettre-information-ULR-Lille-avril-2022.pdf\">Lettre information ULR Lille avril 2022<\/a><\/p>\n<p><a href=\"https:\/\/utr-cfdt-lille.fr\/wp-content\/uploads\/2022\/04\/LETTRE-Roubaix-AVRIL-2022_.pdf\">LETTRE Roubaix AVRIL 2022_<\/a><\/p>\n<p><a href=\"https:\/\/utr-cfdt-lille.fr\/wp-content\/uploads\/2022\/03\/Lettre-information-ULR-Lille-mars-2022.pdf\">Lettre information ULR Lille mars 2022<\/a><\/p>\n<p><a href=\"https:\/\/utr-cfdt-lille.fr\/wp-content\/uploads\/2022\/03\/Lettre-information-ULR-Lille-fevrier-2022-2.pdf\">Lettre information ULR Lille f\u00e9vrier 2022-2<\/a><\/p>\n<p><a href=\"https:\/\/utr-cfdt-lille.fr\/wp-content\/uploads\/2022\/03\/Lettre-information-ULR-de-Lille-janvier-2022.pdf\">Lettre information ULR de Lille janvier 2022<\/a><\/p>\n<p><a href=\"https:\/\/utr-cfdt-lille.fr\/wp-content\/uploads\/2022\/03\/Lettre-information-ULR-de-Lille-decembre-2021.pdf\">Lettre information ULR de Lille d\u00e9cembre 2021<\/a><\/p>\n<p><a href=\"https:\/\/utr-cfdt-lille.fr\/wp-content\/uploads\/2022\/03\/Lettre-information-ULR-Lille-novembre-2021.pdf\">Lettre information ULR Lille novembre 2021<\/a><\/p>\n<p><a href=\"https:\/\/utr-cfdt-lille.fr\/wp-content\/uploads\/2022\/03\/Lettre-ULR-octobre-2021.pdf\">Lettre ULR Lille octobre 2021<\/a><\/p>\n<p><a href=\"https:\/\/utr-cfdt-lille.fr\/wp-content\/uploads\/2022\/03\/Lettre-information-ULR-septembre-2021.pdf\">Lettre information ULR septembre 2021<\/a><\/p>\n<p><a href=\"https:\/\/utr-cfdt-lille.fr\/wp-content\/uploads\/2021\/07\/Lettre-ULR-Roubaix-JUILLET-AOUT_21.pdf\">Lettre ULR Roubaix JUILLET AOUT_21<\/a><\/p>\n<p><a href=\"https:\/\/utr-cfdt-lille.fr\/wp-content\/uploads\/2021\/06\/Lettre-information-ULR-de-Lille-juin-2021.pdf\">Lettre information ULR de Lille juin 2021<\/a><\/p>\n<p><a href=\"https:\/\/utr-cfdt-lille.fr\/wp-content\/uploads\/2021\/06\/article-juin-guide-des-arnaqures-SSR-TE.pdf\">article juin guide des arnaques SSR TE<\/a> (transport \u00e9quipement)<\/p>\n<p><a href=\"https:\/\/utr-cfdt-lille.fr\/wp-content\/uploads\/2021\/05\/Lettre-information-ULR-de-Lille-mai-2021.pdf\">Lettre information ULR de Lille mai 2021<\/a><\/p>\n<p><a href=\"https:\/\/utr-cfdt-lille.fr\/wp-content\/uploads\/2021\/08\/MEP-LETTER-MARS-AVRIL-2-PAGES_Mise-en-page-1.pdf\">LETTRE MARS AVRIL 21 ULR ROUBAIX<\/a><\/p>\n<p><a href=\"https:\/\/utr-cfdt-lille.fr\/wp-content\/uploads\/2021\/04\/Lettre-SSR-enseignement-prive-28-MARS-2021.pdf\">Lettre SSR enseignement priv\u00e9 28 MARS 2021<\/a><\/p>\n<p><a href=\"https:\/\/utr-cfdt-lille.fr\/wp-content\/uploads\/2021\/03\/20210326-Lettre-mars-2021-ULR-Lille.pdf\">20210326 Lettre mars 2021 ULR Lille<\/a><\/p>\n<p><a href=\"https:\/\/utr-cfdt-lille.fr\/wp-content\/uploads\/2021\/04\/MEP-LETTER-FEVRIER_Mise-en-page-1-2.pdf\">Lettre ULR Roubaix FEV 21<\/a><\/p>\n<p><a href=\"https:\/\/utr-cfdt-lille.fr\/wp-content\/uploads\/2021\/03\/lettre-dinformation-janvier-2021-ULR-Lille.pdf\">lettre d&rsquo;information janvier 2021 ULR Lille<\/a><\/p>\n<p><a href=\"https:\/\/utr-cfdt-lille.fr\/wp-content\/uploads\/2021\/03\/Lettre-1-de-ULR-de-Lille-dec-2020.pdf\">Lettre 1 de ULR de Lille dec 2020<\/a><\/p>\n<p><a href=\"https:\/\/utr-cfdt-lille.fr\/wp-content\/uploads\/2021\/04\/MEP-LETTER_Mise-en-page-1.pdf\">Lettre ULR Roubaix DEC 20<\/a><\/p>\n","protected":false},"excerpt":{"rendered":"<p>Dans cette rubrique de notre site les lettres \u00e9lectroniques de certaines de nos sections : La lettre \u00e9lectronique des adh\u00e9rents de Lille et environs (ULR de Lille) :\u00a0 ULR Infolettre [&hellip;]<\/p>\n","protected":false},"author":15,"featured_media":0,"parent":0,"menu_order":0,"comment_status":"closed","ping_status":"closed","template":"","meta":{"footnotes":"","_links_to":"","_links_to_target":""},"class_list":["post-475","page","type-page","status-publish","hentry"],"_links":{"self":[{"href":"https:\/\/utr-cfdt-lille.fr\/index.php\/wp-json\/wp\/v2\/pages\/475","targetHints":{"allow":["GET"]}}],"collection":[{"href":"https:\/\/utr-cfdt-lille.fr\/index.php\/wp-json\/wp\/v2\/pages"}],"about":[{"href":"https:\/\/utr-cfdt-lille.fr\/index.php\/wp-json\/wp\/v2\/types\/page"}],"author":[{"embeddable":true,"href":"https:\/\/utr-cfdt-lille.fr\/index.php\/wp-json\/wp\/v2\/users\/15"}],"replies":[{"embeddable":true,"href":"https:\/\/utr-cfdt-lille.fr\/index.php\/wp-json\/wp\/v2\/comments?post=475"}],"version-history":[{"count":48,"href":"https:\/\/utr-cfdt-lille.fr\/index.php\/wp-json\/wp\/v2\/pages\/475\/revisions"}],"predecessor-version":[{"id":2849,"href":"https:\/\/utr-cfdt-lille.fr\/index.php\/wp-json\/wp\/v2\/pages\/475\/revisions\/2849"}],"wp:attachment":[{"href":"https:\/\/utr-cfdt-lille.fr\/index.php\/wp-json\/wp\/v2\/media?parent=475"}],"curies":[{"name":"wp","href":"https:\/\/api.w.org\/{rel}","templated":true}]}}