{"id":473,"date":"2020-11-23T13:18:33","date_gmt":"2020-11-23T12:18:33","guid":{"rendered":"http:\/\/utr-cfdt-lille.fr\/?page_id=473"},"modified":"2026-01-04T09:26:16","modified_gmt":"2026-01-04T08:26:16","slug":"journal","status":"publish","type":"page","link":"https:\/\/utr-cfdt-lille.fr\/index.php\/journal\/","title":{"rendered":"Journal"},"content":{"rendered":"<p><strong>Cette page accueille les journaux publi\u00e9s par notre UTR depuis le 1er janvier 2018. On y trouve des informations sur la vie de notre syndicat de retrait\u00e9s, de ses sections, sur des sujets d&rsquo;actualit\u00e9 revendicative, sur les engagements de nos adh\u00e9rents (pages T\u00c9MOIGNAGE) &#8230; .<\/strong><\/p>\n<p>Journal n\u00b033 de janvier 2026 : <a href=\"https:\/\/utr-cfdt-lille.fr\/wp-content\/uploads\/2026\/01\/PP-n\u00b0-33-janvier-2026-DEF.pdf\">PP n\u00b0 33 janvier 2026 DEF<\/a>\u00a0 un num\u00e9ro plus long avec un dossier sur le congr\u00e8s d&rsquo;Houplines de notre syndicat, un retour sur la participation des sections aux animations de la semaine bleue, des t\u00e9moignages sur l&rsquo;implication dans la vie politique municipale.<\/p>\n<p>Journal n\u00b032 d&rsquo;octobre 2025 : <a href=\"https:\/\/utr-cfdt-lille.fr\/wp-content\/uploads\/2025\/10\/PP-n\u00b0-32-octobre-2025.pdf\">PP n\u00b0 32 octobre 2025<\/a> plusieurs articles sur les activit\u00e9s des sections, la partie II du dossier sur l&rsquo;illectronisme avec des conseils pour agir \u00e9thiquement et en s\u00e9curit\u00e9 sur Internet, des t\u00e9moignages personnels &#8230; .<\/p>\n<p>journal n\u00b031 de juillet 2025 : <a href=\"https:\/\/utr-cfdt-lille.fr\/wp-content\/uploads\/2025\/06\/PP-n\u00b0-31-juillet-2025.pdf\">PP n\u00b0 31 juillet 2025<\/a> plusieurs articles sur les activit\u00e9s des sections, la vie de nos instances, un dossier sur l&rsquo;illectronisme et les initiatives pour lutter contre, un t\u00e9moignage sur la Solidarit\u00e9 Internationale. Non inclus dans le journal, mais qui peut aider plus g\u00e9n\u00e9ralement : <a href=\"https:\/\/utr-cfdt-lille.fr\/wp-content\/uploads\/2025\/06\/lexique-medico-social.pdf\">lexique m\u00e9dico-social<\/a><\/p>\n<p>Journal n\u00b030 d&rsquo;avril 2025 : <a href=\"https:\/\/utr-cfdt-lille.fr\/wp-content\/uploads\/2025\/04\/bulletin-n30-avril-2025-maquette-DEF.pdf\">bulletin n30 avril 2025 maquette DEF<\/a> plusieurs articles sur les activit\u00e9s des sections, la vie de nos instances, un t\u00e9moignage sur l\u2019association \u00ab Souvenir de la R\u00e9sistance et des Fusill\u00e9s du Fort de Bondues \u00bb &#8230;. .<\/p>\n<p>Journal n\u00b029 de janvier 2025 : <a href=\"https:\/\/utr-cfdt-lille.fr\/wp-content\/uploads\/2025\/01\/PPUTR-12-pages-sur-A4-V-DEF.pdf\">PPUTR 12 pages sur A4 V DEF<\/a> il comporte de nombreux articles sur les activit\u00e9s des sections, une information sur la <a href=\"https:\/\/www.cfdt-retrait\u00e9s.fr\/Notre-complementaire-sante\">compl\u00e9mentaire sant\u00e9<\/a> propos\u00e9e par la CFDT Retrait\u00e9s, un bon de commande de la carte <a href=\"https:\/\/utr-cfdt-lille.fr\/index.php\/cezam\/\">CEZAM : <\/a><a href=\"https:\/\/utr-cfdt-lille.fr\/wp-content\/uploads\/2025\/01\/bon-de-commande-Carte-CEZAM-2025.pdf\">bon de commande Carte CEZAM 2025<\/a>un retour sur la <a href=\"https:\/\/utr-cfdt-lille.fr\/index.php\/2024\/09\/11\/2068\/\">conf\u00e9rence<\/a> ALZHEIMER, un t\u00e9moignage d&rsquo;un adh\u00e9rent sur son investissement associatif, la <a href=\"https:\/\/utr-cfdt-lille.fr\/index.php\/loisirs-2\/\">sortie<\/a> de printemps de notre UTR\u00a0 &#8230; .<\/p>\n<p>Journal n\u00b028 d&rsquo;octobre 2024 :<a href=\"https:\/\/utr-cfdt-lille.fr\/wp-content\/uploads\/2024\/10\/PPUTR-24-octobre-2024-8-pages-sur-A4.pdf\"> PPUTR 24 octobre 2024 8 pages sur A4<\/a> il comporte un dossier sur les initiatives des sections dans le cadre de<a href=\"https:\/\/semaine-bleue.org\/\"> la semaine bleue<\/a>, un retour sur les prises de position de la CFDT \u00e0 l&rsquo;occasion des \u00e9lections europ\u00e9ennes et <a href=\"https:\/\/www.cfdt.fr\/portail\/actualites\/elections-legislatives-2024\/ni-neutre-ni-partisane-voila-pourquoi-la-cfdt-prend-position-contre-l-extreme-droite-aux-prochaines-legislatives-srv2_1361067\">l\u00e9gislatives<\/a>, un t\u00e9moignage de Fran\u00e7oise COLICHE sur son investissement dans <a href=\"https:\/\/utr-cfdt-lille.fr\/wp-content\/uploads\/2024\/08\/2024-Depliant-Jardin-des-Passereaux.pdf\">Le Jardin Des Passereaux<\/a> &#8230; .<\/p>\n<p><a href=\"https:\/\/utr-cfdt-lille.fr\/wp-content\/uploads\/2024\/06\/PPUTR-27-juillet-2024-DEF-sur-A4.pdf\">PPUTR 27 juillet 2024 DEF sur A4 <\/a>avec un dossier de deux pages sur la Semaine Bleue qui aura lieu en septembre et octobre, colloque sur l&rsquo;Europe, t\u00e9moignage sur l\u2019\u00c9cole de la 2\u00e8me chance, sortie de l&rsquo;UTR\u00a0 &#8230;<\/p>\n<p><a href=\"https:\/\/utr-cfdt-lille.fr\/wp-content\/uploads\/2024\/04\/PPUTR-avril-2024-sur-A4.pdf\">PPUTR avril 2024 sur A4<\/a> avec un dossier de deux pages sur les PAV, points d&rsquo;apport volontaire, colloque sur l&#8217;emploi des s\u00e9niors des retrait\u00e9s Sgen-CFDT, t\u00e9moignage d&rsquo;engagement au CESER, colloque sur l&rsquo;Europe le 17 mai &#8230;<\/p>\n<p><a href=\"https:\/\/utr-cfdt-lille.fr\/wp-content\/uploads\/2024\/01\/PPUTR-janvier-2024-sur-A4-DEF.pdf\">PPUTR janvier 2024 sur A4 DEF<\/a> avec un dossier de cinq pages sur les AG, congr\u00e8s et r\u00e9unions de nos sections et autres structures CFDT. Et toujours la rubrique TEMOIGNAGES consacr\u00e9e ici au <a href=\"https:\/\/www.tzcld.fr\/\">TZCLD<\/a> (Territoires Z\u00e9ro Ch\u00f4meurs de Longue Dur\u00e9e).<\/p>\n<p><a href=\"https:\/\/utr-cfdt-lille.fr\/wp-content\/uploads\/2023\/11\/PPUTR-24-nov-2023-sur-A4-DEF.pdf\">Pleines Pages sur l&rsquo;UTR n\u00b024 nov 2023<\/a> avec un dossier de deux pages sur notre AG du 26\/9 et le colloque consacr\u00e9 aux mobilit\u00e9s (CR plus complet \u00e0 retrouver sur ce site)<\/p>\n<p><a href=\"https:\/\/utr-cfdt-lille.fr\/wp-content\/uploads\/2023\/07\/pleine-page-UTR-n\u00b0-23-juillet-2023.pdf\">pleine page UTR n\u00b0 23 juillet 2023<\/a> avec un dossier et une enqu\u00eate sur l&rsquo;APA, un autre sur notre participation au congr\u00e8s de la CFDT Retrait\u00e9s et l&rsquo;invitation \u00e0 l&rsquo;AG de mi-mandat du 26\/9.<\/p>\n<p><a href=\"https:\/\/utr-cfdt-lille.fr\/wp-content\/uploads\/2023\/03\/Pleines-pages-N\u00b022_04-2023.pdf\">Pleines pages N\u00b022_04-2023<\/a> avec un dossier revendicatif (manifestations sur la r\u00e9forme des retraites et rencontres avec les d\u00e9put\u00e9s)<\/p>\n<p><a href=\"https:\/\/utr-cfdt-lille.fr\/wp-content\/uploads\/2023\/01\/Pleines-pages-N21_01-2023-modif.pdf\">Pleines pages N_21_01-2023<\/a> avec un dossier sur l&rsquo;activit\u00e9 des sections, et deux encarts sur notre sortie et la carte CEZAM<\/p>\n<p><a href=\"https:\/\/utr-cfdt-lille.fr\/wp-content\/uploads\/2022\/12\/bon-de-commande-Carte-CEZAM-en-2-ex.pdf\">bon de commande Carte CEZAM en 2 ex<\/a><\/p>\n<p><a href=\"https:\/\/utr-cfdt-lille.fr\/wp-content\/uploads\/2022\/12\/Sortie-du-13-04-2023-CFDT-a-SARS-POTERIE-et-FOURMIES.pdf\">Sortie du 13-04-2023 CFDT \u00e0 SARS-POTERIE et FOURMIES<\/a><\/p>\n<p><a href=\"https:\/\/utr-cfdt-lille.fr\/wp-content\/uploads\/2022\/10\/Pleines-pages-N20_10-2022-DEF.pdf\">Pleines pages N20_octobre 2022<\/a> pages KIFEKOI, les commissions<\/p>\n<p><a href=\"https:\/\/utr-cfdt-lille.fr\/wp-content\/uploads\/2022\/07\/Pleines-pages-N\u00b019_07-2022.pdf\">Pleines pages N\u00b019_07-2022<\/a><\/p>\n<p><a href=\"https:\/\/utr-cfdt-lille.fr\/wp-content\/uploads\/2022\/04\/Pleines-pages-N18_04-2022-2-JD.pdf\">Pleines pages N18_avril 2022<\/a> \u00e9dito \u00e9lections pr\u00e9sidentielles<\/p>\n<p><a href=\"https:\/\/utr-cfdt-lille.fr\/wp-content\/uploads\/2022\/01\/Pleines-pages-N17_01-2022-v2.pdf\">Pleines pages N17 janvier 2022<\/a> mini-dossier environnement<\/p>\n<p><a href=\"https:\/\/utr-cfdt-lille.fr\/wp-content\/uploads\/2021\/11\/Pleines-pages-N-16_10-2021.pdf\">Pleines pages N 16_10-2021<\/a> dossier sur notre congr\u00e8s du 30\/9\/21<\/p>\n<p><a href=\"https:\/\/utr-cfdt-lille.fr\/wp-content\/uploads\/2021\/06\/Pleines-pages-N-15_07-2021-DEF-2.pdf\">Pleines pages N 15 Juillet 2021<\/a> dossier sur les activit\u00e9s des sections en temps de COVID<\/p>\n<p><a href=\"https:\/\/utr-cfdt-lille.fr\/wp-content\/uploads\/2021\/04\/Pleines-pages-N\u00b0-14_04-2021-imprimeur.pdf\">Pleines pages N\u00b0 14 Avril 2021<\/a> dossier \u00ab\u00a0loi grand \u00e2ge et autonomie\u00a0\u00bb<\/p>\n<p><a href=\"https:\/\/utr-cfdt-lille.fr\/wp-content\/uploads\/2021\/01\/Pleines-pages-N-13_01-2021.pdf\">Journal UTR n\u00b013 janv 2021<\/a> dossier cotisation syndicale et r\u00e9duction fiscale<\/p>\n<p><a href=\"https:\/\/utr-cfdt-lille.fr\/wp-content\/uploads\/2020\/10\/Pleines-pages-N\u00b0-12_10-2020-DEF.pdf\">Journal N\u00b0 12_octobre 2020<\/a> dossier CCAS<\/p>\n<p><a href=\"https:\/\/utr-cfdt-lille.fr\/wp-content\/uploads\/2020\/10\/Pleines-pages-N\u00b0-11_06-2020-1.pdf\">Journal UTR N\u00b0 11_juin 2020<\/a><\/p>\n<p><a href=\"https:\/\/utr-cfdt-lille.fr\/wp-content\/uploads\/2020\/06\/Pleines-pages-N-10.pdf\">Journal UTR N 10 mars 2020<\/a><\/p>\n<p><a href=\"https:\/\/utr-cfdt-lille.fr\/wp-content\/uploads\/2020\/06\/Pleines-pages-N\u00b0-9v2.pdf\">Journal UTR N\u00b0 9 janvier 2020<\/a><\/p>\n<p><a href=\"https:\/\/utr-cfdt-lille.fr\/wp-content\/uploads\/2020\/06\/Pleines-Pages-N\u00b008.pdf\">Journal N\u00b008 octobre 2019<\/a><\/p>\n<p><a href=\"https:\/\/utr-cfdt-lille.fr\/wp-content\/uploads\/2020\/10\/Pleines-Pages-N\u00b007-definitif.pdf\">Journal UTR N\u00b007<\/a><\/p>\n<p><a href=\"https:\/\/utr-cfdt-lille.fr\/wp-content\/uploads\/2020\/10\/lettre-UTR-n\u00b06_fev-2019.pdf\">Journal UTR n\u00b06_fev 2019<\/a><\/p>\n<p><a href=\"https:\/\/utr-cfdt-lille.fr\/wp-content\/uploads\/2020\/10\/lettre-UTR-n\u00b05_janvier2019-DEF.pdf\">Journal UTR n\u00b05_janvier2019<\/a><\/p>\n<p><a href=\"https:\/\/utr-cfdt-lille.fr\/wp-content\/uploads\/2020\/10\/lettre-UTR-n-4_octobre2018.pdf\">Journal UTR n-4_octobre2018<\/a><\/p>\n<p><a href=\"https:\/\/utr-cfdt-lille.fr\/wp-content\/uploads\/2020\/10\/lettre-UTR-n\u00b03_juin2018.pdf\">Journal UTR n\u00b03_juin2018<\/a><\/p>\n<p><a href=\"https:\/\/utr-cfdt-lille.fr\/wp-content\/uploads\/2020\/10\/lettre-UTR-n\u00b02_mars2018_imprimeur.pdf\">journal UTR n\u00b02_mars2018<\/a><\/p>\n<p><a href=\"https:\/\/utr-cfdt-lille.fr\/wp-content\/uploads\/2020\/10\/lettre-UTR-n\u00b01_janvier2018_imprimeur2.pdf\">Journal UTR n\u00b01_janvier2018<\/a><\/p>\n<p>&nbsp;<\/p>\n","protected":false},"excerpt":{"rendered":"<p>Cette page accueille les journaux publi\u00e9s par notre UTR depuis le 1er janvier 2018. On y trouve des informations sur la vie de notre syndicat de retrait\u00e9s, de ses sections, [&hellip;]<\/p>\n","protected":false},"author":15,"featured_media":0,"parent":0,"menu_order":0,"comment_status":"closed","ping_status":"closed","template":"","meta":{"footnotes":"","_links_to":"","_links_to_target":""},"class_list":["post-473","page","type-page","status-publish","hentry"],"_links":{"self":[{"href":"https:\/\/utr-cfdt-lille.fr\/index.php\/wp-json\/wp\/v2\/pages\/473","targetHints":{"allow":["GET"]}}],"collection":[{"href":"https:\/\/utr-cfdt-lille.fr\/index.php\/wp-json\/wp\/v2\/pages"}],"about":[{"href":"https:\/\/utr-cfdt-lille.fr\/index.php\/wp-json\/wp\/v2\/types\/page"}],"author":[{"embeddable":true,"href":"https:\/\/utr-cfdt-lille.fr\/index.php\/wp-json\/wp\/v2\/users\/15"}],"replies":[{"embeddable":true,"href":"https:\/\/utr-cfdt-lille.fr\/index.php\/wp-json\/wp\/v2\/comments?post=473"}],"version-history":[{"count":36,"href":"https:\/\/utr-cfdt-lille.fr\/index.php\/wp-json\/wp\/v2\/pages\/473\/revisions"}],"predecessor-version":[{"id":2790,"href":"https:\/\/utr-cfdt-lille.fr\/index.php\/wp-json\/wp\/v2\/pages\/473\/revisions\/2790"}],"wp:attachment":[{"href":"https:\/\/utr-cfdt-lille.fr\/index.php\/wp-json\/wp\/v2\/media?parent=473"}],"curies":[{"name":"wp","href":"https:\/\/api.w.org\/{rel}","templated":true}]}}