{"id":455,"date":"2020-11-23T13:14:33","date_gmt":"2020-11-23T12:14:33","guid":{"rendered":"http:\/\/utr-cfdt-lille.fr\/?page_id=455"},"modified":"2025-05-30T17:25:29","modified_gmt":"2025-05-30T15:25:29","slug":"accessibilite","status":"publish","type":"page","link":"https:\/\/utr-cfdt-lille.fr\/index.php\/accessibilite\/","title":{"rendered":"Accessibilit\u00e9"},"content":{"rendered":"<h6>La m\u00e9tropole europ\u00e9enne de LILLE (MEL) dispose d&rsquo;une Commission Intercommunale d&rsquo;Accessibilit\u00e9. Qu&rsquo;est-ce que c&rsquo;est ?<\/h6>\n<p>La <a href=\"https:\/\/fr.wikipedia.org\/wiki\/Loi_du_11_f%C3%A9vrier_2005_pour_l%E2%80%99%C3%A9galit%C3%A9_des_droits_et_des_chances,_la_participation_et_la_citoyennet%C3%A9_des_personnes_handicap%C3%A9es\">loi du 11 f\u00e9vrier 2005 pour l\u2019\u00e9galit\u00e9 des droits et des chances, la participation et la citoyennet\u00e9 des personnes handicap\u00e9es<\/a> aborde de nombreux points tels que la compensation du handicap, la pr\u00e9vention et l\u2019acc\u00e8s aux soins, l\u2019int\u00e9gration scolaire et professionnelle. L\u2019<a href=\"https:\/\/fr.wikipedia.org\/wiki\/Accessibilit%C3%A9\">accessibilit\u00e9<\/a> tient bien \u00e9videmment une place importante [\u2026] . Les communes de 5\u00a0000 habitants et plus doivent ainsi cr\u00e9er une commission communale pour l\u2019accessibilit\u00e9, <strong>sauf si une commission intercommunale a d\u00e9j\u00e0 \u00e9t\u00e9 cr\u00e9\u00e9e.<\/strong><\/p>\n<p>A la CIA de la MEL, la CFDT Retrait\u00e9s est repr\u00e9sent\u00e9e par Christian BARAZUTTI. La CIA couvre 95 communes, pour plus d&rsquo;un million d\u2019habitants, elle est pr\u00e9sid\u00e9e par Mr S\u00e9bastien LEPRETRE.<\/p>\n<p>Les articles et documents sont class\u00e9s des plus r\u00e9cents aux plus anciens.<\/p>\n<p><strong>Groupe de Travail Technique du 29 avril 2025<\/strong> : consacr\u00e9 \u00e0 la modernisation du r\u00e9seau actuel du tramway <a href=\"https:\/\/utr-cfdt-lille.fr\/wp-content\/uploads\/2025\/05\/GT_29.04_VF.pdf\">GT_29.04_VF<\/a><\/p>\n<p><strong>Compte rendu de la r\u00e9union du 1er avril 2025<\/strong>\u00a0<a href=\"https:\/\/utr-cfdt-lille.fr\/wp-content\/uploads\/2025\/04\/20250426-CR-de-la-reunion-de-la-CIA-du-1er-avril-2025.pdf\">20250426 CR de la r\u00e9union de la CIA du 1er avril 2025<\/a><\/p>\n<p><strong>R\u00e9novation urbaine du quartier des Bois Blancs<\/strong> : le projet \u00e0 la date du 3 f\u00e9vrier 2025 <a href=\"https:\/\/utr-cfdt-lille.fr\/wp-content\/uploads\/2025\/04\/LBB_CIA_final.pdf\">LBB_CIA_final<\/a><\/p>\n<p><strong>Bilan d&rsquo;activit\u00e9 de 2023<\/strong> : <a href=\"https:\/\/utr-cfdt-lille.fr\/wp-content\/uploads\/2025\/02\/rapport-CIA-accessibilite-2023-BD.pdf\">rapport CIA accessibilite\u0301 2023-BD<\/a><\/p>\n<p><strong>R\u00e9union pl\u00e9ni\u00e8re du 17 d\u00e9cembre 2024 <\/strong>(o\u00f9 on parle de la prise en compte retard\u00e9e du handicap, des probl\u00e8mes r\u00e9currents d&rsquo;ILEVIA)<\/p>\n<p><a href=\"https:\/\/utr-cfdt-lille.fr\/wp-content\/uploads\/2025\/01\/20250113-CR-de-la-reunion-pleniere-de-la-CIA-du-17-decembre-2024.pdf\">20250113 CR de la r\u00e9union pl\u00e9ni\u00e8re de la CIA du 17 d\u00e9cembre 2024<\/a><\/p>\n<p><a href=\"https:\/\/utr-cfdt-lille.fr\/wp-content\/uploads\/2024\/11\/Synthese-du-Plan-De-Mobilite-horizon-2035-3.pdf\">Synthe\u0300se du Plan De Mobilite\u0301 &#8211; horizon 2035 (3)<\/a><\/p>\n<p>Pour en savoir plus sur l&rsquo;accessibilit\u00e9 de la voirie : <a href=\"https:\/\/utr-cfdt-lille.fr\/wp-content\/uploads\/2024\/11\/Depliant-voirie-accessible-5-compresse_0.pdf\">Depliant voirie accessible-5-compress\u00e9_0<\/a><\/p>\n<p><strong>R\u00e9union pl\u00e9ni\u00e8re du 28 novembre 2023<\/strong><\/p>\n<p>Support diaporama <a href=\"https:\/\/utr-cfdt-lille.fr\/wp-content\/uploads\/2024\/03\/Support_presentation-Accessibilite.pdf\">Support_presentation Accessibilit\u00e9<\/a><\/p>\n<p>&#8211; R\u00e9union 19 septembre 2023 :<\/p>\n<p><a href=\"https:\/\/utr-cfdt-lille.fr\/wp-content\/uploads\/2024\/11\/Presentation_CIA_19-09.pdf\">Presentation_CIA_19-09<\/a><\/p>\n<p>&#8211; CR de la r\u00e9union du groupe technique du 23 mai consacr\u00e9 \u00e0 diff\u00e9rents projets, surtout la mobilit\u00e9 des s\u00e9niors,<\/p>\n<p><a href=\"https:\/\/utr-cfdt-lille.fr\/wp-content\/uploads\/2023\/12\/Presentation_CIA_2305.pdf\">Presentation_CIA_2305<\/a><\/p>\n<p>&#8211; CR de la r\u00e9union du groupe technique du 22 juin consacr\u00e9 \u00e0 diff\u00e9rents projets, surtout la requalification de la rue Solf\u00e9rino,<\/p>\n<p><a href=\"https:\/\/utr-cfdt-lille.fr\/wp-content\/uploads\/2023\/12\/Presentation_CIA_22_06.pdf\">Presentation_CIA_22_06<\/a><\/p>\n<p>Voir <a href=\"https:\/\/utr-cfdt-lille.fr\/wp-content\/uploads\/2023\/12\/20231207-CR-de-la-reunion-pleniere-de-la-CIA-du-28-novembre-2023.pdf\">ici<\/a> le CR de cette r\u00e9union par Christian BARAZUTTI.<\/p>\n<p>Il est pr\u00e9vu d\u00e9but 2024 que la CIA, en groupe de travail, revienne sur les PAV et aborde le compost conform\u00e9ment \u00e0 la <a href=\"https:\/\/www.ecologie.gouv.fr\/loi-anti-gaspillage-economie-circulaire\">loi AGEC<\/a>. Voir <a href=\"https:\/\/utr-cfdt-lille.fr\/index.php\/2023\/12\/08\/points-dapport-volontaire-pav-et-accessibilite\/\">ici<\/a> un article sur les PAV et ce que fait notre UTR.<\/p>\n<p><strong>R\u00e9union pl\u00e9ni\u00e8re du 8 novembre 2022<\/strong> : voir l&rsquo;article <a href=\"https:\/\/utr-cfdt-lille.fr\/index.php\/2022\/10\/18\/la-mobilite-a-la-metropole-europeenne-de-lille\/\">ici<\/a> pour la pr\u00e9paration de cette r\u00e9union plus particuli\u00e8rement consacr\u00e9e \u00e0 l&rsquo;accessibilit\u00e9 des personnes \u00e2g\u00e9es et handicap\u00e9es (dans le cadre du plan de mobilit\u00e9).<\/p>\n<p>Suite \u00e0 la consultation de ses adh\u00e9rents et les remont\u00e9es de leurs propositions notre UTR a notifi\u00e9 son <a href=\"https:\/\/utr-cfdt-lille.fr\/wp-content\/uploads\/2022\/12\/avis-signe\u0301-pour-la-MEL-2.jpeg\">avis<\/a> au pr\u00e9sident de la MEL, monsieur CASTELAIN le 25 novembre 2022.<\/p>\n<p><strong>R\u00e9union du 21 juin 2022<\/strong> : <a href=\"https:\/\/utr-cfdt-lille.fr\/wp-content\/uploads\/2022\/07\/CIA-MEL-Reunion-du-21-juin-2022.pdf\">CIA MEL R\u00e9union du 21 juin 2022<\/a> consacr\u00e9e \u00e0 la politique de gestion des d\u00e9chets. Voir en particulier <a href=\"https:\/\/utr-cfdt-lille.fr\/wp-content\/uploads\/2022\/07\/valorisation-organique-2022.pdf\">valorisation organique 2022<\/a>.<\/p>\n<p><strong>R\u00e9union du 24 mars 2022<\/strong> : <a href=\"https:\/\/utr-cfdt-lille.fr\/wp-content\/uploads\/2022\/07\/CIA-MEL-Reunion-du-24-mars-2022.pdf\">CIA MEL R\u00e9union du 24 mars 2022<\/a> consacr\u00e9e en particulier aux transports.<\/p>\n<p><strong>R\u00e9union du 2 juillet 2021<\/strong> : on trouvera ci-dessous les liens pour le compte-rendu de cette r\u00e9union et pour les remont\u00e9es de nos adh\u00e9rents \u00e0 l&rsquo;occasion de la consultation r\u00e9alis\u00e9e par la MEL sur la mobilit\u00e9.<img decoding=\"async\" class=\"size-medium wp-image-846 alignright\" src=\"https:\/\/utr-cfdt-lille.fr\/wp-content\/uploads\/2021\/07\/consultation-mobilite-300x68.png\" alt=\"\" width=\"300\" height=\"68\" srcset=\"https:\/\/utr-cfdt-lille.fr\/wp-content\/uploads\/2021\/07\/consultation-mobilite-300x68.png 300w, https:\/\/utr-cfdt-lille.fr\/wp-content\/uploads\/2021\/07\/consultation-mobilite-768x175.png 768w, https:\/\/utr-cfdt-lille.fr\/wp-content\/uploads\/2021\/07\/consultation-mobilite.png 786w\" sizes=\"(max-width: 300px) 100vw, 300px\" \/><\/p>\n<p><a href=\"https:\/\/utr-cfdt-lille.fr\/wp-content\/uploads\/2021\/07\/Compte-Rendu-CIA-2-juillet-2021.pdf\">Compte-Rendu CIA 2 juillet 2021<\/a><\/p>\n<p><a href=\"https:\/\/utr-cfdt-lille.fr\/wp-content\/uploads\/2021\/07\/Les-grandes-demandes-des-adherents-2021.pdf\">Les grandes demandes des adh\u00e9rents-2021<\/a><\/p>\n<p>Voir ici <a href=\"https:\/\/participation.lillemetropole.fr\/\">https:\/\/participation.lillemetropole.fr\/<\/a> la plateforme sur laquelle vous pouvez proposer.<\/p>\n<p><strong><em>Suites ! <\/em><\/strong>Mr S\u00e9bastien LEPRETRE nous a r\u00e9pondu d\u00e9but aout ; on trouvera ci-apr\u00e8s les deux pages du courrier de r\u00e9ponse :<a href=\"https:\/\/utr-cfdt-lille.fr\/wp-content\/uploads\/2021\/09\/20210811-reponse-de-la-MEL-Recto.pdf\">20210811 r\u00e9ponse de la MEL Recto<\/a>, <a href=\"https:\/\/utr-cfdt-lille.fr\/wp-content\/uploads\/2021\/09\/20210820-reponse-de-la-MEL-Verso.pdf\">20210820 r\u00e9ponse de la MEL Verso<\/a>.<\/p>\n","protected":false},"excerpt":{"rendered":"<p>La m\u00e9tropole europ\u00e9enne de LILLE (MEL) dispose d&rsquo;une Commission Intercommunale d&rsquo;Accessibilit\u00e9. Qu&rsquo;est-ce que c&rsquo;est ? La loi du 11 f\u00e9vrier 2005 pour l\u2019\u00e9galit\u00e9 des droits et des chances, la participation [&hellip;]<\/p>\n","protected":false},"author":15,"featured_media":0,"parent":0,"menu_order":0,"comment_status":"closed","ping_status":"closed","template":"","meta":{"footnotes":"","_links_to":"","_links_to_target":""},"class_list":["post-455","page","type-page","status-publish","hentry"],"_links":{"self":[{"href":"https:\/\/utr-cfdt-lille.fr\/index.php\/wp-json\/wp\/v2\/pages\/455","targetHints":{"allow":["GET"]}}],"collection":[{"href":"https:\/\/utr-cfdt-lille.fr\/index.php\/wp-json\/wp\/v2\/pages"}],"about":[{"href":"https:\/\/utr-cfdt-lille.fr\/index.php\/wp-json\/wp\/v2\/types\/page"}],"author":[{"embeddable":true,"href":"https:\/\/utr-cfdt-lille.fr\/index.php\/wp-json\/wp\/v2\/users\/15"}],"replies":[{"embeddable":true,"href":"https:\/\/utr-cfdt-lille.fr\/index.php\/wp-json\/wp\/v2\/comments?post=455"}],"version-history":[{"count":27,"href":"https:\/\/utr-cfdt-lille.fr\/index.php\/wp-json\/wp\/v2\/pages\/455\/revisions"}],"predecessor-version":[{"id":2516,"href":"https:\/\/utr-cfdt-lille.fr\/index.php\/wp-json\/wp\/v2\/pages\/455\/revisions\/2516"}],"wp:attachment":[{"href":"https:\/\/utr-cfdt-lille.fr\/index.php\/wp-json\/wp\/v2\/media?parent=455"}],"curies":[{"name":"wp","href":"https:\/\/api.w.org\/{rel}","templated":true}]}}