{"id":404,"date":"2020-11-23T12:01:04","date_gmt":"2020-11-23T11:01:04","guid":{"rendered":"http:\/\/utr-cfdt-lille.fr\/?page_id=404"},"modified":"2025-10-07T15:47:39","modified_gmt":"2025-10-07T13:47:39","slug":"loisirs","status":"publish","type":"page","link":"https:\/\/utr-cfdt-lille.fr\/index.php\/loisirs\/","title":{"rendered":"Loisirs &#038; Culture"},"content":{"rendered":"<h5>24 mars rencontre-d\u00e9bat<\/h5>\n<p><strong>Cons\u00e9quence de l&rsquo;\u00e2ge et du grand \u00e2ge dans l&rsquo;organisation de notre Soci\u00e9t\u00e9<\/strong><\/p>\n<p>Une trentaine d\u2019adh\u00e9rents avaient r\u00e9pondu \u00e0 l\u2019invitation de la CFDT RETRAITES et se sont retrouv\u00e9s le 24 mars \u00e0 la bourse du travail pour une conf\u00e9rence d\u00e9bat sur le CESER<img fetchpriority=\"high\" decoding=\"async\" class=\"size-medium wp-image-2392 alignright\" src=\"https:\/\/utr-cfdt-lille.fr\/wp-content\/uploads\/2025\/03\/IMG_4112-300x200.jpg\" alt=\"\" width=\"300\" height=\"200\" srcset=\"https:\/\/utr-cfdt-lille.fr\/wp-content\/uploads\/2025\/03\/IMG_4112-300x200.jpg 300w, https:\/\/utr-cfdt-lille.fr\/wp-content\/uploads\/2025\/03\/IMG_4112-1024x683.jpg 1024w, https:\/\/utr-cfdt-lille.fr\/wp-content\/uploads\/2025\/03\/IMG_4112-768x512.jpg 768w, https:\/\/utr-cfdt-lille.fr\/wp-content\/uploads\/2025\/03\/IMG_4112-1536x1024.jpg 1536w, https:\/\/utr-cfdt-lille.fr\/wp-content\/uploads\/2025\/03\/IMG_4112-2048x1365.jpg 2048w, https:\/\/utr-cfdt-lille.fr\/wp-content\/uploads\/2025\/03\/IMG_4112-1320x880.jpg 1320w\" sizes=\"(max-width: 300px) 100vw, 300px\" \/><\/p>\n<p>Catherine DUCARNE et Nadine GORET, repr\u00e9sentantes CFDT au CESER (conseil \u00e9conomique social et environnemental r\u00e9gional), ainsi que Philippe CATRICE en maitre de c\u00e9r\u00e9monie ont pr\u00e9sent\u00e9 le CESER, son r\u00f4le et son fonctionnement, le r\u00f4le de la CFDT puis ont r\u00e9alis\u00e9 un focus sur les probl\u00e9matiques de l\u2019autonomie et du maintien \u00e0 domicile<\/p>\n<p>Le CESER, ce sont 170 personnes, nomm\u00e9es par le pr\u00e9fet. Quatre coll\u00e8ges, dont le coll\u00e8ge n\u00b02 des syndicats, travaillent en commission pour produire des rapports sur les sujets abord\u00e9s. Ces rapports fournissent des avis et des recommandations pour la politique sociale et environnementale. Consultez le Powerpoint mis \u00e0 disposition pour plus de d\u00e9tails.<\/p>\n<p>Les intervenantes, riches de leur exp\u00e9rience, ont ensuite d\u00e9velopp\u00e9 le th\u00e8me des m\u00e9tiers de l\u2019entraide \u00e0 domicile et de ses probl\u00e9matiques en expliquant la diff\u00e9rence entre un contrat \u00ab prestataire\u00a0\u00bb,\u00a0\u00ab mandataire\u00a0\u00bb et \u00ab\u00a0de gr\u00e9 \u00e0 gr\u00e9\u00a0\u00bb, avec une pr\u00e9conisation pour le contrat prestataire voir la documentation en annexe)<\/p>\n<p>Ont ensuite \u00e9t\u00e9 abord\u00e9es les questions du financement de ces aides, des questions li\u00e9es \u00e0 la p\u00e9nibilit\u00e9 physique et psychique du travail \u00e0 domicile, et de la n\u00e9cessaire formation sur ces m\u00e9tiers<\/p>\n<p>Nos intervenantes se sont ensuite pr\u00eat\u00e9es aux questions r\u00e9ponses, tout en revenant sur le distinguo entre aide \u00e0 domicile et auxiliaire de vie et en donnant un \u00e9clairage sur la question des soins et de la responsabilit\u00e9 des aidants dans ce domaine<\/p>\n<p>Cette conf\u00e9rence d\u00e9bat riche d\u2019informations s\u2019est termin\u00e9e par un moment convivial autour des tartes et des jus de fruits.<\/p>\n<p><strong>Pour aller plus loin<\/strong> : lors de cette conf\u00e9rence es deux intervenantes, membres de la d\u00e9l\u00e9gation CFDT au CESER ont pr\u00e9sent\u00e9 :<\/p>\n<p>&#8211; le r\u00f4le du CESER : <a href=\"https:\/\/utr-cfdt-lille.fr\/wp-content\/uploads\/2025\/03\/CD-Presentation-CFDT-CESER-24-MARS-25.pdf\">CD Pr\u00e9sentation CFDT CESER 24 MARS 25<\/a> pr\u00e9sent\u00e9 par Catherine DUCARNE,<\/p>\n<p>&#8211; les m\u00e9tiers de l&rsquo;entraide : <a href=\"https:\/\/utr-cfdt-lille.fr\/wp-content\/uploads\/2025\/03\/NADINE-GORET_-PPT-Metiers-dEntraide.pdf\">Pr\u00e9sentation des Metiers d&rsquo;Entraide<\/a> pr\u00e9sent\u00e9 par Nadine GORET<\/p>\n<p>Elles ont bien mis en \u00e9vidence les dispositifs existants mais aussi la n\u00e9cessit\u00e9 de prendre en compte l&rsquo;int\u00e9r\u00eat des salari\u00e9s incarn\u00e9 dans des pr\u00e9conisations (voir dans les deux documents).<\/p>\n<p><img decoding=\"async\" class=\"size-medium wp-image-2385 alignleft\" src=\"https:\/\/utr-cfdt-lille.fr\/wp-content\/uploads\/2025\/03\/20250324_152503-300x225.jpg\" alt=\"\" width=\"300\" height=\"225\" srcset=\"https:\/\/utr-cfdt-lille.fr\/wp-content\/uploads\/2025\/03\/20250324_152503-300x225.jpg 300w, https:\/\/utr-cfdt-lille.fr\/wp-content\/uploads\/2025\/03\/20250324_152503-1024x768.jpg 1024w, https:\/\/utr-cfdt-lille.fr\/wp-content\/uploads\/2025\/03\/20250324_152503-768x576.jpg 768w, https:\/\/utr-cfdt-lille.fr\/wp-content\/uploads\/2025\/03\/20250324_152503-1536x1152.jpg 1536w, https:\/\/utr-cfdt-lille.fr\/wp-content\/uploads\/2025\/03\/20250324_152503-2048x1536.jpg 2048w, https:\/\/utr-cfdt-lille.fr\/wp-content\/uploads\/2025\/03\/20250324_152503-1320x990.jpg 1320w\" sizes=\"(max-width: 300px) 100vw, 300px\" \/><\/p>\n<p>&nbsp;<\/p>\n<p><img decoding=\"async\" class=\"size-medium wp-image-2384 alignnone\" src=\"https:\/\/utr-cfdt-lille.fr\/wp-content\/uploads\/2025\/03\/20250324_141627-225x300.jpg\" alt=\"\" width=\"225\" height=\"300\" srcset=\"https:\/\/utr-cfdt-lille.fr\/wp-content\/uploads\/2025\/03\/20250324_141627-225x300.jpg 225w, https:\/\/utr-cfdt-lille.fr\/wp-content\/uploads\/2025\/03\/20250324_141627-768x1024.jpg 768w, https:\/\/utr-cfdt-lille.fr\/wp-content\/uploads\/2025\/03\/20250324_141627-1152x1536.jpg 1152w, https:\/\/utr-cfdt-lille.fr\/wp-content\/uploads\/2025\/03\/20250324_141627-1536x2048.jpg 1536w, https:\/\/utr-cfdt-lille.fr\/wp-content\/uploads\/2025\/03\/20250324_141627-1320x1760.jpg 1320w, https:\/\/utr-cfdt-lille.fr\/wp-content\/uploads\/2025\/03\/20250324_141627-scaled.jpg 1920w\" sizes=\"(max-width: 225px) 100vw, 225px\" \/><\/p>\n<p><img loading=\"lazy\" decoding=\"async\" class=\"alignnone wp-image-2369\" src=\"https:\/\/utr-cfdt-lille.fr\/wp-content\/uploads\/2025\/03\/image-affiche-232x300.jpg\" alt=\"\" width=\"557\" height=\"720\" srcset=\"https:\/\/utr-cfdt-lille.fr\/wp-content\/uploads\/2025\/03\/image-affiche-232x300.jpg 232w, https:\/\/utr-cfdt-lille.fr\/wp-content\/uploads\/2025\/03\/image-affiche.jpg 629w\" sizes=\"(max-width: 557px) 100vw, 557px\" \/><\/p>\n<h5><strong>17 MAI RENCONTRE\/DEBAT SUR L\u2019EUROPE<\/strong><\/h5>\n<p><strong>L\u2019UTR METROPOLE LILLOISE a souhait\u00e9, \u00e0 l\u2019approche des \u00e9lections europ\u00e9ennes du 9 juin 2024, organiser une rencontre\/d\u00e9bat sur le sujet de l\u2019Europe. Elle aura lieu le 17 mai de 14h \u00e0 16h30, salle polyvalente de la Bourse du Travail 254 boulevar<\/strong><img loading=\"lazy\" decoding=\"async\" class=\"size-medium wp-image-1904 alignright\" src=\"https:\/\/utr-cfdt-lille.fr\/wp-content\/uploads\/2024\/03\/photo-H-LOURDELLE-300x169.jpg\" alt=\"\" width=\"300\" height=\"169\" srcset=\"https:\/\/utr-cfdt-lille.fr\/wp-content\/uploads\/2024\/03\/photo-H-LOURDELLE-300x169.jpg 300w, https:\/\/utr-cfdt-lille.fr\/wp-content\/uploads\/2024\/03\/photo-H-LOURDELLE-768x434.jpg 768w, https:\/\/utr-cfdt-lille.fr\/wp-content\/uploads\/2024\/03\/photo-H-LOURDELLE.jpg 885w\" sizes=\"(max-width: 300px) 100vw, 300px\" \/><strong>d de l\u2019Usine Lille-Fives.<\/strong><\/p>\n<p>C\u2019est Henri LOURDELLE, conseiller de la FERPA<a href=\"#_ftn1\" name=\"_ftnref1\">[1]<\/a>, qui interviendra sur ce d\u00e9bat. Il nous rappellera rapidement le fonctionnement de cette union europ\u00e9enne, qui fait quoi, avant de pr\u00e9senter en quoi l\u2019union europ\u00e9enne nous est \u00ab\u00a0utile\u00a0\u00bb.<\/p>\n<p><img loading=\"lazy\" decoding=\"async\" class=\"size-medium wp-image-1905 alignleft\" src=\"https:\/\/utr-cfdt-lille.fr\/wp-content\/uploads\/2024\/03\/vote-europeen-CFDT-300x72.png\" alt=\"\" width=\"300\" height=\"72\" srcset=\"https:\/\/utr-cfdt-lille.fr\/wp-content\/uploads\/2024\/03\/vote-europeen-CFDT-300x72.png 300w, https:\/\/utr-cfdt-lille.fr\/wp-content\/uploads\/2024\/03\/vote-europeen-CFDT-1024x245.png 1024w, https:\/\/utr-cfdt-lille.fr\/wp-content\/uploads\/2024\/03\/vote-europeen-CFDT-768x184.png 768w, https:\/\/utr-cfdt-lille.fr\/wp-content\/uploads\/2024\/03\/vote-europeen-CFDT.png 1181w\" sizes=\"(max-width: 300px) 100vw, 300px\" \/>Et rappelons que la CFDT s\u2019engage \u00ab\u00a0<em>Le 9 juin, les 376 millions de citoyennes et citoyens europ\u00e9ens seront appel\u00e9s aux urnes pour \u00e9lire leurs repr\u00e9sentantes et repr\u00e9sentants au Parlement europ\u00e9en. Ce sont eux qui seront ensuite charg\u00e9s d&rsquo;\u00e9laborer et mettre en \u0153uvre la politique europ\u00e9enne des 5 prochaines ann\u00e9es. Ce vote est donc essentiel et d\u00e9terminant pour construire l&rsquo;Europe que nous voulons. Pour la CFDT, elle doit continuer \u00e0 \u0153uvrer pour plus de justice sociale, pour la transition \u00e9cologique juste, pour plus de solidarit\u00e9, &#8230; le 9 juin, votons pour l&rsquo;Europe !<\/em>\u00a0\u00bb<a href=\"#_ftn2\" name=\"_ftnref2\">[2]<\/a> et met \u00e0 disposition des outils pour porter son message.<\/p>\n<p><a href=\"#_ftnref1\" name=\"_ftn1\">[1]<\/a> FERPA\u00a0: F\u00e9d\u00e9ration Europ\u00e9enne des Retrait\u00e9s et Personnes Ag\u00e9es forte de 8 millions d\u2019adh\u00e9rents, <a href=\"http:\/\/www.ferpa.online\/fr\/\">http:\/\/www.ferpa.online\/fr\/<\/a><\/p>\n<p><a href=\"#_ftnref2\" name=\"_ftn2\">[2]<\/a> <a href=\"https:\/\/www.cfdt.fr\/portail\/actualites\/international\/europe-asp_5047\">https:\/\/www.cfdt.fr\/portail\/actualites\/international\/europe-asp_5047<\/a> o\u00f9 on trouvera de nombreux outils et arguments.<\/p>\n<h5><strong><u>Une journ\u00e9e en Belgique<\/u><\/strong><\/h5>\n<p><strong><u>Cette sortie de l&rsquo;UTR aura lieu \u00e0 Bois du Luc et Strepy Thieu le 18 avril 2024<\/u><\/strong><\/p>\n<p>Au programme :<\/p>\n<p><strong><u>Matin<\/u><\/strong>\u00a0: <strong>visite guid\u00e9e du mus\u00e9e de la Mine et du D\u00e9veloppement Durable<\/strong>.<\/p>\n<p>Du sommet des terrils jusqu&rsquo;en son c\u0153ur, d\u00e9couvrez une cit\u00e9 mini\u00e8re unique en Europe, ses b\u00e2timents industriels, ses maisons ouvri\u00e8res et son kiosque. Apprenez les rouages d&rsquo;un charbonnage, le travail, la vie, les luttes et le parcours de travailleurs d&rsquo;horizons divers.<\/p>\n<p><strong>D\u00e9jeuner sur place\u00a0: <\/strong>entr\u00e9e, plat, dessert, deux boissons et le caf\u00e9.<\/p>\n<p><strong><u>Apr\u00e8s-midi<\/u><\/strong>\u00a0: <strong>D\u00e9couverte du Centre d&rsquo;Interpr\u00e9tation \u00ab\u00a0voies d&rsquo;eau d&rsquo;hier, d&rsquo;aujourd&rsquo;hui et de demain\u00a0\u00bb, film sur la construction de l&rsquo;ascenseur et panorama<\/strong>.<\/p>\n<p>Visite de l&rsquo;Ascenseur Funiculaire de Str\u00e9py-Thieu, qui les porte \u00e0 une hauteur vertigineuse de 73 m\u00e8tres et permet \u00e0 des bateaux de plus de 1000 tonnes de franchir les reliefs.<\/p>\n<p>Plus d&rsquo;information et inscription par ce <a href=\"https:\/\/utr-cfdt-lille.fr\/wp-content\/uploads\/2024\/02\/sortie-UTR-2024-site.pdf\">lien<\/a>. Attention il est imp\u00e9ratif de s&rsquo;inscrire selon la proc\u00e9dure indiqu\u00e9e dans le document, toute inscription par m\u00e9l et sans ch\u00e8que n&rsquo;est pas garantie.<\/p>\n<h5><strong>Journ\u00e9e dans l\u2019Avesnois<\/strong><\/h5>\n<p class=\"Textbody\"><span style=\"font-family: 'Arial',sans-serif;\">L\u2019UTR propose une sortie\/loisirs le jeudi 13 avril 2023 dans l\u2019Avesnois.<\/span><\/p>\n<p>Au programme :<\/p>\n<table width=\"643\">\n<tbody>\n<tr>\n<td width=\"214\"><strong>Le mus\u00e9e du Verre \u00e0 Sars poteries<\/strong><\/td>\n<td width=\"214\"><strong>Mus\u00e9e du textile<\/strong><\/p>\n<p><strong>et de la vie sociale<\/strong><\/td>\n<td width=\"214\"><strong>La ferme du Pont au Loup<\/strong><\/td>\n<\/tr>\n<\/tbody>\n<\/table>\n<p><u>Prix de la journ\u00e9e<\/u> comprenant le transport en autocar au d\u00e9part de Croix et de Lille, les visites et le repas au restaurant \u00ab\u00a0Le PAVE\u00a0\u00bb de Sars Poteries (entr\u00e9e, plat, dessert et une boisson)\u00a0:<\/p>\n<p>&#8211; 42 \u20ac pour les adh\u00e9rents et leur conjoints, 52 \u20ac pour les non-adh\u00e9rents.<\/p>\n<p>Le cout r\u00e9el de la journ\u00e9e est de 84 \u20ac par personne, l\u2019UTR prenant en charge la diff\u00e9rence.<\/p>\n<p>Le bulletin d\u2019inscription, avec les modalit\u00e9s pratiques, sera dans le prochain journal. <strong>Il est \u00e0 renvoyer avec le ch\u00e8que de r\u00e8glement avant le 23 mars 2023.<\/strong><\/p>\n<h5><strong>25 novembre 2022, conf\u00e9rence : \u00ab\u00a0Violences sexistes et sexuelles : quelles cons\u00e9quences familiales, sociales et \u00e9conomiques ?\u00a0\u00bb<\/strong><\/h5>\n<p>Chaque ann\u00e9e, la <strong>Journ\u00e9e internationale pour l&rsquo;\u00e9limination de la violence \u00e0 l&rsquo;\u00e9gard des femmes <\/strong>est c\u00e9l\u00e9br\u00e9e le 25 novembre. Cette journ\u00e9e, soutenue par l&rsquo;Organisation des Nations unies fait l\u2019objet de diff\u00e9rentes manifestations qui ont pour but de sensibiliser le public.<\/p>\n<p><img loading=\"lazy\" decoding=\"async\" class=\" wp-image-1055 alignright\" src=\"https:\/\/utr-cfdt-lille.fr\/wp-content\/uploads\/2022\/08\/LOGO-VSS-300x83.png\" alt=\"\" width=\"358\" height=\"99\" srcset=\"https:\/\/utr-cfdt-lille.fr\/wp-content\/uploads\/2022\/08\/LOGO-VSS-300x83.png 300w, https:\/\/utr-cfdt-lille.fr\/wp-content\/uploads\/2022\/08\/LOGO-VSS.png 309w\" sizes=\"(max-width: 358px) 100vw, 358px\" \/>En s\u2019inscrivant pleinement dans cette dynamique et dans la continuit\u00e9 de la charte sign\u00e9e lors du congr\u00e8s de BOUSBECQUES du 30 septembre 2021 contre les violences sexistes et sexuelles, l&rsquo;UTRML organise une rencontre-d\u00e9bat le 25 novembre 2022 \u00e0 la Bourse du travail de 14h \u00e0 17h, salle polyvalente.<\/p>\n<p>Elle sera anim\u00e9e par Martine WARNIER membre du bureau de l&rsquo;UTR et par Solen GARSMEUR juriste au CIDFF<a href=\"#_ftn1\" name=\"_ftnref1\">[1]<\/a> (Centre d&rsquo;Information des Droits des Femmes et de la Famille).<\/p>\n<p>Les th\u00e8mes abord\u00e9s seront les suivants\u00a0:<img loading=\"lazy\" decoding=\"async\" class=\" wp-image-1054 alignright\" src=\"https:\/\/utr-cfdt-lille.fr\/wp-content\/uploads\/2022\/08\/3919.jpg\" alt=\"\" width=\"120\" height=\"129\" \/><\/p>\n<ul>\n<li>Prot\u00e9ger la m\u00e8re, c\u2019est prot\u00e9ger l\u2019enfant (vid\u00e9o)<\/li>\n<li>Femmes victimes de violences\u00a0: quelles cons\u00e9quences \u00e9conomiques ?<\/li>\n<\/ul>\n<p><a href=\"#_ftnref1\" name=\"_ftn1\">[1]<\/a> https:\/\/nord-territoires.cidff.info\/<\/p>\n<h3>7 mai 2022 pi\u00e8ce \u00ab\u00a0comment on freine\u00a0\u00bb<\/h3>\n<p><img loading=\"lazy\" decoding=\"async\" class=\" wp-image-1004 alignright\" src=\"https:\/\/utr-cfdt-lille.fr\/wp-content\/uploads\/2022\/04\/image-spectacle-300x181.png\" alt=\"\" width=\"335\" height=\"202\" srcset=\"https:\/\/utr-cfdt-lille.fr\/wp-content\/uploads\/2022\/04\/image-spectacle-300x181.png 300w, https:\/\/utr-cfdt-lille.fr\/wp-content\/uploads\/2022\/04\/image-spectacle.png 650w\" sizes=\"(max-width: 335px) 100vw, 335px\" \/>Dans le cadre des rencontres\/d\u00e9bats organis\u00e9s par l&rsquo;UTR nous en avions pr\u00e9vu une avec le collectif \u00c9thique sur l\u2019\u00c9tiquette dont fait partie la CFDT, mais les mesures sanitaires dues \u00e0 la Covid ne nous ont pas permis de la tenir.<\/p>\n<p>En attendant qu&rsquo;une rencontre soit possible, nous vous\u00a0 proposons d&rsquo;assister au spectacle-d\u00e9bat qui va avoir lieu au th\u00e9\u00e2tre Pierre de Roubaix , le 7 mai \u00e0 19 h (r\u00e9servation \u00e0 l&rsquo;adresse <strong><a href=\"mailto:ethiquesurletiquette.lille@gmail.com\">ethiquesurletiquette.lille@gmail.com<\/a><\/strong>).<\/p>\n<p><strong>Avec la participation de l&rsquo;Association du Personnel de l&rsquo;Ensait et la mairie de Roubaix<\/strong><\/p>\n<p>\u00ab\u00a0Comment on freine\u00a0\u00bb est une pi\u00e8ce de Violaine Schwartz, mise en sc\u00e8ne par Nathalie Dutour avec M\u00e9laine Catuogno et Mathieu Tanguy..<\/p>\n<p>Le spectacle est Laur\u00e9at du Fonds Artsc\u00e8ne 2019.<\/p>\n<p><em>UNE SOIR\u00c9E ENGAG\u00c9E<\/em><\/p>\n<p><em>Au Bangladesh, le 24 avril 2013, l&rsquo;immeuble Rana Plaza qui abritait des ateliers de confection de v\u00eatements pour Primark, Auchan, Cama\u00efeu, Benetton&#8230; s&rsquo;effondre : 1138 ouvrier\u00b7e\u00b7s tu\u00e9\u00b7e\u00b7s.\u00a0<\/em><\/p>\n<p><em>\u00ab\u00a0Comment on freine ?\u00a0\u00bb est une pi\u00e8ce de th\u00e9\u00e2tre qui interroge la soci\u00e9t\u00e9 de consommation et son impact sur les ouvrier\u00b7e\u00b7s du textile \u00e0 travers l&rsquo;histoire d&rsquo;un couple dans un appartement envahi de v\u00eatements.\u00a0<\/em><\/p>\n<p><em>La pi\u00e8ce sera suivie d&rsquo;un d\u00e9bat en pr\u00e9sence de:<\/em><\/p>\n<ul>\n<li><em>Danielle Auroi, pr\u00e9sidente du Collectif Ethique sur l&rsquo;\u00e9tiquette\u00a0et ex d\u00e9put\u00e9e porteure de la loi Devoir de vigilance adopt\u00e9e le\u00a0<\/em><em>27 mars 2017<\/em><\/li>\n<li><em>des com\u00e9dien\u00b7ne\u00b7s de la compagnie Chantier Public<\/em><\/li>\n<li><em>des membres du Collectif \u00c9thique sur l&rsquo;\u00e9tiquette,<\/em><\/li>\n<li><em>de Guillaume Tartare, MCF \u00e0 l&rsquo;Ensait\u00a0<\/em><\/li>\n<\/ul>\n<p><img loading=\"lazy\" decoding=\"async\" class=\" wp-image-1005 alignleft\" src=\"https:\/\/utr-cfdt-lille.fr\/wp-content\/uploads\/2022\/04\/collectif-Lille-300x73.png\" alt=\"\" width=\"448\" height=\"109\" srcset=\"https:\/\/utr-cfdt-lille.fr\/wp-content\/uploads\/2022\/04\/collectif-Lille-300x73.png 300w, https:\/\/utr-cfdt-lille.fr\/wp-content\/uploads\/2022\/04\/collectif-Lille.png 635w\" sizes=\"(max-width: 448px) 100vw, 448px\" \/><\/p>\n","protected":false},"excerpt":{"rendered":"<p>24 mars rencontre-d\u00e9bat Cons\u00e9quence de l&rsquo;\u00e2ge et du grand \u00e2ge dans l&rsquo;organisation de notre Soci\u00e9t\u00e9 Une trentaine d\u2019adh\u00e9rents avaient r\u00e9pondu \u00e0 l\u2019invitation de la CFDT RETRAITES et se sont retrouv\u00e9s [&hellip;]<\/p>\n","protected":false},"author":15,"featured_media":0,"parent":0,"menu_order":0,"comment_status":"closed","ping_status":"closed","template":"","meta":{"footnotes":"","_links_to":"","_links_to_target":""},"class_list":["post-404","page","type-page","status-publish","hentry"],"_links":{"self":[{"href":"https:\/\/utr-cfdt-lille.fr\/index.php\/wp-json\/wp\/v2\/pages\/404","targetHints":{"allow":["GET"]}}],"collection":[{"href":"https:\/\/utr-cfdt-lille.fr\/index.php\/wp-json\/wp\/v2\/pages"}],"about":[{"href":"https:\/\/utr-cfdt-lille.fr\/index.php\/wp-json\/wp\/v2\/types\/page"}],"author":[{"embeddable":true,"href":"https:\/\/utr-cfdt-lille.fr\/index.php\/wp-json\/wp\/v2\/users\/15"}],"replies":[{"embeddable":true,"href":"https:\/\/utr-cfdt-lille.fr\/index.php\/wp-json\/wp\/v2\/comments?post=404"}],"version-history":[{"count":23,"href":"https:\/\/utr-cfdt-lille.fr\/index.php\/wp-json\/wp\/v2\/pages\/404\/revisions"}],"predecessor-version":[{"id":2564,"href":"https:\/\/utr-cfdt-lille.fr\/index.php\/wp-json\/wp\/v2\/pages\/404\/revisions\/2564"}],"wp:attachment":[{"href":"https:\/\/utr-cfdt-lille.fr\/index.php\/wp-json\/wp\/v2\/media?parent=404"}],"curies":[{"name":"wp","href":"https:\/\/api.w.org\/{rel}","templated":true}]}}