{"id":1118,"date":"2022-10-07T10:51:19","date_gmt":"2022-10-07T08:51:19","guid":{"rendered":"https:\/\/utr-cfdt-lille.fr\/?page_id=1118"},"modified":"2026-01-20T14:58:57","modified_gmt":"2026-01-20T13:58:57","slug":"loisirs-2","status":"publish","type":"page","link":"https:\/\/utr-cfdt-lille.fr\/index.php\/loisirs-2\/","title":{"rendered":"Loisirs"},"content":{"rendered":"<p>Comme chaque ann\u00e9e notre UTR organise une sortie importante dans la r\u00e9gion.<\/p>\n<p>Cette ann\u00e9e ce sera <strong>une journ\u00e9e \u00e0 Vaucelles et au Cateau-Cambr\u00e9sis le jeudi 9 avril 2026<\/strong><\/p>\n<p>Plus d&rsquo;informations par ce lien : <a href=\"https:\/\/utr-cfdt-lille.fr\/wp-content\/uploads\/2026\/01\/Invitation-voyage-Syndicat-2026-5.pdf\">Invitation voyage Syndicat 2026-5<\/a><\/p>\n<p>on peut t\u00e9l\u00e9charger le bulletin d&rsquo;inscription : <a href=\"https:\/\/utr-cfdt-lille.fr\/wp-content\/uploads\/2026\/01\/journee-du-7-novembre-talon-dinscription.docx\">journ\u00e9e du 7 novembre talon d&rsquo;inscription<\/a><\/p>\n<p>En 2025 c&rsquo;\u00e9tait <strong><u>une journ\u00e9e \u00e0 Desvres et \u00c9taples le jeudi 24 avril 2025<\/u><\/strong><\/p>\n<p>Plus d&rsquo;informations par ce <a href=\"https:\/\/utr-cfdt-lille.fr\/wp-content\/uploads\/2024\/10\/Projet-invitation-UTR-2025-6.pdf\">lien<\/a>.<\/p>\n<p>on peut t\u00e9l\u00e9charger le bulletin d&rsquo;inscription <a href=\"https:\/\/utr-cfdt-lille.fr\/wp-content\/uploads\/2024\/10\/talon-inscription.odt\">ici<\/a>.<\/p>\n<p>La CFDT-Retrait\u00e9s a nou\u00e9 un partenariat avec l&rsquo;organisme de vacances CAPFRANCE et elle vient de vous faire part du nouveau code partenaire CAP France\/CFDT Retrait\u00e9s pour l\u2019ann\u00e9e. Ce code a \u00e9t\u00e9 envoy\u00e9 aux adh\u00e9rents ayant une adresse \u00e9lectronique. Le code est le m\u00eame pour une r\u00e9servation individuelle et famille (jusqu&rsquo;\u00e0 3 personnes) ou pour une r\u00e9servation groupe (\u00e0 partir de 4 personnes).<br \/>\nLe calcul se fait automatiquement sur le site <a href=\"http:\/\/www.capfrance-vacances.com\">www.capfrance-vacances.com<\/a> et <a href=\"https:\/\/capfrance-groupes.com\/\">www.capfrance-groupes.com<\/a><br \/>\nQuant aux r\u00e9servations en direct aupr\u00e8s des villages vacances, ils sont au courant de la r\u00e9duction \u00e0 appliquer en fonction du nombre de personnes.<\/p>\n","protected":false},"excerpt":{"rendered":"<p>Comme chaque ann\u00e9e notre UTR organise une sortie importante dans la r\u00e9gion. Cette ann\u00e9e ce sera une journ\u00e9e \u00e0 Vaucelles et au Cateau-Cambr\u00e9sis le jeudi 9 avril 2026 Plus d&rsquo;informations [&hellip;]<\/p>\n","protected":false},"author":15,"featured_media":0,"parent":0,"menu_order":0,"comment_status":"closed","ping_status":"closed","template":"","meta":{"footnotes":"","_links_to":"","_links_to_target":""},"class_list":["post-1118","page","type-page","status-publish","hentry"],"_links":{"self":[{"href":"https:\/\/utr-cfdt-lille.fr\/index.php\/wp-json\/wp\/v2\/pages\/1118","targetHints":{"allow":["GET"]}}],"collection":[{"href":"https:\/\/utr-cfdt-lille.fr\/index.php\/wp-json\/wp\/v2\/pages"}],"about":[{"href":"https:\/\/utr-cfdt-lille.fr\/index.php\/wp-json\/wp\/v2\/types\/page"}],"author":[{"embeddable":true,"href":"https:\/\/utr-cfdt-lille.fr\/index.php\/wp-json\/wp\/v2\/users\/15"}],"replies":[{"embeddable":true,"href":"https:\/\/utr-cfdt-lille.fr\/index.php\/wp-json\/wp\/v2\/comments?post=1118"}],"version-history":[{"count":5,"href":"https:\/\/utr-cfdt-lille.fr\/index.php\/wp-json\/wp\/v2\/pages\/1118\/revisions"}],"predecessor-version":[{"id":2804,"href":"https:\/\/utr-cfdt-lille.fr\/index.php\/wp-json\/wp\/v2\/pages\/1118\/revisions\/2804"}],"wp:attachment":[{"href":"https:\/\/utr-cfdt-lille.fr\/index.php\/wp-json\/wp\/v2\/media?parent=1118"}],"curies":[{"name":"wp","href":"https:\/\/api.w.org\/{rel}","templated":true}]}}