{"id":1117,"date":"2022-10-07T10:51:19","date_gmt":"2022-10-07T08:51:19","guid":{"rendered":"https:\/\/utr-cfdt-lille.fr\/?page_id=1117"},"modified":"2025-10-07T15:46:51","modified_gmt":"2025-10-07T13:46:51","slug":"rencontres-debats","status":"publish","type":"page","link":"https:\/\/utr-cfdt-lille.fr\/index.php\/rencontres-debats\/","title":{"rendered":"Rencontres, D\u00e9bats"},"content":{"rendered":"<h5>16 juin rencontre-d\u00e9bat <strong>sur l\u2019aide aux s\u00e9niors et les CCAS<\/strong><\/h5>\n<p><strong>C\u2019est un public attentif de 30 personnes qui a suivi l\u2019information pour les aides aux s\u00e9niors donn\u00e9e par Val\u00e9rie STAES charg\u00e9e de mission \u00ab\u00a0politiques autonomie\u00a0\u00bb au sein de de l\u2019Union Des CCAS (Centre Communal d\u2019Action Sociale) du Nord<a href=\"#_ftn1\" name=\"_ftnref1\">[1]<\/a> et on ne peut que regretter qu\u2019il n\u2019y ait pas eu plus de participants pour profiter de l\u2019expertise de l\u2019intervenante.<\/strong><\/p>\n<p>Les CCAS g\u00e8rent en direct plus de 29 r\u00e9sidences autonomie, 18 EHPAD, 22 g\u00e8rent un service de soins infirmier \u00e0 domicile (SSIAD) et<img fetchpriority=\"high\" decoding=\"async\" class=\"size-medium wp-image-2561 alignright\" src=\"https:\/\/utr-cfdt-lille.fr\/wp-content\/uploads\/2025\/10\/IMG_20250616_141359-300x169.jpg\" alt=\"\" width=\"300\" height=\"169\" srcset=\"https:\/\/utr-cfdt-lille.fr\/wp-content\/uploads\/2025\/10\/IMG_20250616_141359-300x169.jpg 300w, https:\/\/utr-cfdt-lille.fr\/wp-content\/uploads\/2025\/10\/IMG_20250616_141359-1024x576.jpg 1024w, https:\/\/utr-cfdt-lille.fr\/wp-content\/uploads\/2025\/10\/IMG_20250616_141359-768x432.jpg 768w, https:\/\/utr-cfdt-lille.fr\/wp-content\/uploads\/2025\/10\/IMG_20250616_141359-1536x864.jpg 1536w, https:\/\/utr-cfdt-lille.fr\/wp-content\/uploads\/2025\/10\/IMG_20250616_141359-2048x1152.jpg 2048w, https:\/\/utr-cfdt-lille.fr\/wp-content\/uploads\/2025\/10\/IMG_20250616_141359-1320x743.jpg 1320w\" sizes=\"(max-width: 300px) 100vw, 300px\" \/> 27 un service d\u2019accompagnement \u00e0 domicile (SAAD).<\/p>\n<p>Les CCAS ont pour missions\u00a0: le d\u00e9veloppement local du social, action de pr\u00e9vention et de d\u00e9veloppement social, participent \u00e0 l\u2019instruction de l\u2019aide sociale. Ils aident \u00e0 la constitution des dossiers de demandes des dispositifs l\u00e9gaux. Dans la premi\u00e8re ann\u00e9e du mandat du Maire ils \u00e9laborent une analyse des besoins sociaux pour l\u2019ensemble des habitants de la commune.<\/p>\n<p>[&#8230;] la suite dans ce document <a href=\"https:\/\/utr-cfdt-lille.fr\/wp-content\/uploads\/2025\/10\/article-ud-ccas.pdf\">article ud ccas<\/a><\/p>\n<p><a href=\"#_ftnref1\" name=\"_ftn1\">[1]<\/a> https:\/\/udccas59.fr\/<\/p>\n<h5>24 mars rencontre-d\u00e9bat<\/h5>\n<p><strong>Cons\u00e9quence de l\u2019\u00e2ge et du grand \u00e2ge dans l\u2019organisation de notre Soci\u00e9t\u00e9<\/strong><\/p>\n<p><img decoding=\"async\" class=\"alignnone wp-image-2369\" src=\"https:\/\/utr-cfdt-lille.fr\/wp-content\/uploads\/2025\/03\/image-affiche-232x300.jpg\" alt=\"\" width=\"591\" height=\"764\" srcset=\"https:\/\/utr-cfdt-lille.fr\/wp-content\/uploads\/2025\/03\/image-affiche-232x300.jpg 232w, https:\/\/utr-cfdt-lille.fr\/wp-content\/uploads\/2025\/03\/image-affiche.jpg 629w\" sizes=\"(max-width: 591px) 100vw, 591px\" \/><\/p>\n","protected":false},"excerpt":{"rendered":"<p>16 juin rencontre-d\u00e9bat sur l\u2019aide aux s\u00e9niors et les CCAS C\u2019est un public attentif de 30 personnes qui a suivi l\u2019information pour les aides aux s\u00e9niors donn\u00e9e par Val\u00e9rie STAES [&hellip;]<\/p>\n","protected":false},"author":15,"featured_media":0,"parent":0,"menu_order":0,"comment_status":"closed","ping_status":"closed","template":"","meta":{"footnotes":"","_links_to":"","_links_to_target":""},"class_list":["post-1117","page","type-page","status-publish","hentry"],"_links":{"self":[{"href":"https:\/\/utr-cfdt-lille.fr\/index.php\/wp-json\/wp\/v2\/pages\/1117","targetHints":{"allow":["GET"]}}],"collection":[{"href":"https:\/\/utr-cfdt-lille.fr\/index.php\/wp-json\/wp\/v2\/pages"}],"about":[{"href":"https:\/\/utr-cfdt-lille.fr\/index.php\/wp-json\/wp\/v2\/types\/page"}],"author":[{"embeddable":true,"href":"https:\/\/utr-cfdt-lille.fr\/index.php\/wp-json\/wp\/v2\/users\/15"}],"replies":[{"embeddable":true,"href":"https:\/\/utr-cfdt-lille.fr\/index.php\/wp-json\/wp\/v2\/comments?post=1117"}],"version-history":[{"count":3,"href":"https:\/\/utr-cfdt-lille.fr\/index.php\/wp-json\/wp\/v2\/pages\/1117\/revisions"}],"predecessor-version":[{"id":2563,"href":"https:\/\/utr-cfdt-lille.fr\/index.php\/wp-json\/wp\/v2\/pages\/1117\/revisions\/2563"}],"wp:attachment":[{"href":"https:\/\/utr-cfdt-lille.fr\/index.php\/wp-json\/wp\/v2\/media?parent=1117"}],"curies":[{"name":"wp","href":"https:\/\/api.w.org\/{rel}","templated":true}]}}