{"id":1115,"date":"2022-10-07T10:51:19","date_gmt":"2022-10-07T08:51:19","guid":{"rendered":"https:\/\/utr-cfdt-lille.fr\/?page_id=1115"},"modified":"2025-01-09T09:33:06","modified_gmt":"2025-01-09T08:33:06","slug":"protection-sociale","status":"publish","type":"page","link":"https:\/\/utr-cfdt-lille.fr\/index.php\/protection-sociale\/","title":{"rendered":"Protection sociale"},"content":{"rendered":"<p><strong>Que fait la commission protection sociale\u00a0?<\/strong><\/p>\n<p>Une production r\u00e9cente de cette commission : <a href=\"https:\/\/utr-cfdt-lille.fr\/wp-content\/uploads\/2024\/12\/20240910-CFDT-le-guide-Bien-vieillir-chez-soi-finalise-le-10-sept-2024.pdf\">20240910-CFDT-le guide Bien vieillir chez soi-finalis\u00e9 le 10 sept 2024<\/a><\/p>\n<p>La Direction de la recherche, des \u00e9tudes, de l\u2019\u00e9valuation et des statistiques (DREES) publie \u00ab <a href=\"https:\/\/drees.solidarites-sante.gouv.fr\/publications-communique-de-presse-documents-de-reference\/panoramas-de-la-drees\/les-retraites-et-0\">Les retrait\u00e9s et les retraites \u2013 \u00e9dition 2023<\/a> \u00bb. Cette nouvelle \u00e9dition du Panorama annuel rassemble les \u00e9l\u00e9ments de cadrage et les chiffres cl\u00e9s permettant d\u2019appr\u00e9hender la question des retraites, premier poste de d\u00e9penses de la protection sociale avec 338 milliards d\u2019euros de pension vers\u00e9s en 2021 (13,5 % du PIB), et de l\u2019invalidit\u00e9. Un <a href=\"https:\/\/drees.solidarites-sante.gouv.fr\/publications-communique-de-presse-documents-de-reference\/panoramas-de-la-drees\/les-retraites-et-0\">document<\/a> tr\u00e8s int\u00e9ressant.<\/p>\n<p>\u00e0 voir aussi cet <a href=\"https:\/\/utr-cfdt-lille.fr\/index.php\/2025\/01\/09\/lettre-info-logement-de-la-cfdt-retraites\/\">article<\/a> sur les lettres sur les logement produites par la CFDT Retrait\u00e9s :<a href=\"https:\/\/utr-cfdt-lille.fr\/index.php\/2025\/01\/09\/lettre-info-logement-de-la-cfdt-retraites\/\"> https:\/\/utr-cfdt-lille.fr\/index.php\/2025\/01\/09\/lettre-info-logement-de-la-cfdt-retraites\/<\/a><\/p>\n<p>Un <a href=\"https:\/\/utr-cfdt-lille.fr\/wp-content\/uploads\/2023\/11\/financements-des-EHPAD-document-de-J-Descamps.pdf\">document synth\u00e9tique<\/a> de Jacques DESCAMPS <strong>sur le financement des EHPAD<\/strong>.<\/p>\n<p><strong>Que fait la commission protection sociale\u00a0?<\/strong><\/p>\n<p>Afin de mettre en \u0153uvre les d\u00e9cisions prises lors du congr\u00e8s UTR de septembre 2021, il a \u00e9t\u00e9 d\u00e9cid\u00e9 de mettre en place des commissions qui auront pour but de travailler sur des dossiers afin de faciliter la prise de d\u00e9cision des membres du conseil UTR. Dans le journal de juillet, nous revenons sur le travail mis en route par la commission protection sociale. Dans ce m\u00eame journal on retrouvera un questionnaire sur le dispositif d&rsquo;Allocation Personnalis\u00e9e d&rsquo;Autonomie (<strong>APA<\/strong>) \u00e0 domicile, si vous \u00eates concern\u00e9.e. Nous souhaitons ainsi recueillir les t\u00e9moignages des b\u00e9n\u00e9ficiaires de cette allocation, sur l&rsquo;aide apport\u00e9e, mais \u00e9galement sur les difficult\u00e9s rencontr\u00e9es lors des diff\u00e9rentes \u00e9tapes : information du dispositif, demande, \u00e9laboration du plan d&rsquo;aide et renouv\u00e8lement.<\/p>\n<p style=\"text-align: center;\"><strong>Ce questionnaire on peut le retrouver et remplir en ligne par ce <a href=\"https:\/\/framaforms.org\/questionnaire-allocation-personnalise-dautonomie-apa-1678210847\">lien<\/a>.<\/strong><\/p>\n<p><strong>Un article sur les pensions de r\u00e9version \u00e0 retrouver <a href=\"https:\/\/utr-cfdt-lille.fr\/index.php\/2022\/12\/05\/en-savoir-plus-sur-les-pensions-de-reversion\/\">ici<\/a> !<\/strong><\/p>\n<p>&nbsp;<\/p>\n<p>&nbsp;<\/p>\n","protected":false},"excerpt":{"rendered":"<p>Que fait la commission protection sociale\u00a0? Une production r\u00e9cente de cette commission : 20240910-CFDT-le guide Bien vieillir chez soi-finalis\u00e9 le 10 sept 2024 La Direction de la recherche, des \u00e9tudes, [&hellip;]<\/p>\n","protected":false},"author":15,"featured_media":0,"parent":0,"menu_order":0,"comment_status":"closed","ping_status":"closed","template":"","meta":{"footnotes":"","_links_to":"","_links_to_target":""},"class_list":["post-1115","page","type-page","status-publish","hentry"],"_links":{"self":[{"href":"https:\/\/utr-cfdt-lille.fr\/index.php\/wp-json\/wp\/v2\/pages\/1115","targetHints":{"allow":["GET"]}}],"collection":[{"href":"https:\/\/utr-cfdt-lille.fr\/index.php\/wp-json\/wp\/v2\/pages"}],"about":[{"href":"https:\/\/utr-cfdt-lille.fr\/index.php\/wp-json\/wp\/v2\/types\/page"}],"author":[{"embeddable":true,"href":"https:\/\/utr-cfdt-lille.fr\/index.php\/wp-json\/wp\/v2\/users\/15"}],"replies":[{"embeddable":true,"href":"https:\/\/utr-cfdt-lille.fr\/index.php\/wp-json\/wp\/v2\/comments?post=1115"}],"version-history":[{"count":9,"href":"https:\/\/utr-cfdt-lille.fr\/index.php\/wp-json\/wp\/v2\/pages\/1115\/revisions"}],"predecessor-version":[{"id":2304,"href":"https:\/\/utr-cfdt-lille.fr\/index.php\/wp-json\/wp\/v2\/pages\/1115\/revisions\/2304"}],"wp:attachment":[{"href":"https:\/\/utr-cfdt-lille.fr\/index.php\/wp-json\/wp\/v2\/media?parent=1115"}],"curies":[{"name":"wp","href":"https:\/\/api.w.org\/{rel}","templated":true}]}}